{"id":498,"date":"2024-10-11T14:51:42","date_gmt":"2024-10-11T14:51:42","guid":{"rendered":"https:\/\/somi-t.com\/monde.ca\/meretmonde\/?page_id=498"},"modified":"2025-04-01T17:18:59","modified_gmt":"2025-04-01T21:18:59","slug":"nouvelles","status":"publish","type":"page","link":"https:\/\/monde.ca\/meretmonde\/nouvelles\/","title":{"rendered":"Nouvelles"},"content":{"rendered":"\t\t<div data-elementor-type=\"wp-page\" data-elementor-id=\"498\" class=\"elementor elementor-498\" data-elementor-post-type=\"page\">\n\t\t\t\t<div class=\"elementor-element elementor-element-73d82df e-con-full e-flex e-con e-parent\" data-id=\"73d82df\" data-element_type=\"container\" data-e-type=\"container\" data-settings=\"{&quot;background_background&quot;:&quot;classic&quot;}\">\n\t\t<div class=\"elementor-element elementor-element-e9b06d7 e-con-full elementor-hidden-mobile e-flex e-con e-child\" data-id=\"e9b06d7\" data-element_type=\"container\" data-e-type=\"container\">\n\t\t\t\t<\/div>\n\t\t<div class=\"elementor-element elementor-element-0d987fc e-con-full e-flex e-con e-child\" data-id=\"0d987fc\" data-element_type=\"container\" data-e-type=\"container\">\n\t\t\t\t<\/div>\n\t\t\t\t<\/div>\n\t\t<div class=\"elementor-element elementor-element-ed888de e-flex e-con-boxed e-con e-parent\" data-id=\"ed888de\" data-element_type=\"container\" data-e-type=\"container\" data-settings=\"{&quot;background_background&quot;:&quot;gradient&quot;}\">\n\t\t\t\t\t<div class=\"e-con-inner\">\n\t\t\t\t<div class=\"elementor-element elementor-element-b83bb78 elementor-widget elementor-widget-text-editor\" data-id=\"b83bb78\" data-element_type=\"widget\" data-e-type=\"widget\" data-widget_type=\"text-editor.default\">\n\t\t\t\t<div class=\"elementor-widget-container\">\n\t\t\t\t\t\t\t\t\t<p>Une mer de solidarit\u00e9 pour un monde de justice<\/p>\t\t\t\t\t\t\t\t<\/div>\n\t\t\t\t<\/div>\n\t\t\t\t<div class=\"elementor-element elementor-element-d587816 elementor-posts--align-center elementor-grid-3 elementor-grid-tablet-2 elementor-grid-mobile-1 elementor-posts--thumbnail-top elementor-widget elementor-widget-posts\" data-id=\"d587816\" data-element_type=\"widget\" data-e-type=\"widget\" data-settings=\"{&quot;pagination_type&quot;:&quot;load_more_infinite_scroll&quot;,&quot;classic_columns&quot;:&quot;3&quot;,&quot;classic_columns_tablet&quot;:&quot;2&quot;,&quot;classic_columns_mobile&quot;:&quot;1&quot;,&quot;classic_row_gap&quot;:{&quot;unit&quot;:&quot;px&quot;,&quot;size&quot;:35,&quot;sizes&quot;:[]},&quot;classic_row_gap_tablet&quot;:{&quot;unit&quot;:&quot;px&quot;,&quot;size&quot;:&quot;&quot;,&quot;sizes&quot;:[]},&quot;classic_row_gap_mobile&quot;:{&quot;unit&quot;:&quot;px&quot;,&quot;size&quot;:&quot;&quot;,&quot;sizes&quot;:[]},&quot;load_more_spinner&quot;:{&quot;value&quot;:&quot;fas fa-spinner&quot;,&quot;library&quot;:&quot;fa-solid&quot;}}\" data-widget_type=\"posts.classic\">\n\t\t\t\t<div class=\"elementor-widget-container\">\n\t\t\t\t\t\t\t<div class=\"elementor-posts-container elementor-posts elementor-posts--skin-classic elementor-grid\" role=\"list\">\n\t\t\t\t<article class=\"elementor-post elementor-grid-item post-4279 post type-post status-publish format-standard has-post-thumbnail hentry category-nouvelles\" role=\"listitem\">\n\t\t\t\t<a class=\"elementor-post__thumbnail__link\" href=\"https:\/\/monde.ca\/meretmonde\/co-direction-a-mer-et-monde\/\" tabindex=\"-1\" >\n\t\t\t<div class=\"elementor-post__thumbnail\"><img fetchpriority=\"high\" decoding=\"async\" width=\"1280\" height=\"963\" src=\"https:\/\/monde.ca\/meretmonde\/wp-content\/uploads\/sites\/2\/2026\/03\/WhatsApp-Image-2026-02-11-at-15.24.12.jpeg\" class=\"attachment-full size-full wp-image-4280\" alt=\"\" srcset=\"https:\/\/monde.ca\/meretmonde\/wp-content\/uploads\/sites\/2\/2026\/03\/WhatsApp-Image-2026-02-11-at-15.24.12.jpeg 1280w, https:\/\/monde.ca\/meretmonde\/wp-content\/uploads\/sites\/2\/2026\/03\/WhatsApp-Image-2026-02-11-at-15.24.12-300x226.jpeg 300w, https:\/\/monde.ca\/meretmonde\/wp-content\/uploads\/sites\/2\/2026\/03\/WhatsApp-Image-2026-02-11-at-15.24.12-1024x770.jpeg 1024w, https:\/\/monde.ca\/meretmonde\/wp-content\/uploads\/sites\/2\/2026\/03\/WhatsApp-Image-2026-02-11-at-15.24.12-768x578.jpeg 768w\" sizes=\"(max-width: 1280px) 100vw, 1280px\" \/><\/div>\n\t\t<\/a>\n\t\t\t\t<div class=\"elementor-post__text\">\n\t\t\t\t<h3 class=\"elementor-post__title\">\n\t\t\t<a href=\"https:\/\/monde.ca\/meretmonde\/co-direction-a-mer-et-monde\/\" >\n\t\t\t\tBienvenue \u00e0 la Co-direction int\u00e9rimaire !\t\t\t<\/a>\n\t\t<\/h3>\n\t\t\t\t<div class=\"elementor-post__meta-data\">\n\t\t\t\t\t<span class=\"elementor-post-date\">\n\t\t\t04\/03\/2026\t\t<\/span>\n\t\t\t\t<\/div>\n\t\t\t\t<div class=\"elementor-post__excerpt\">\n\t\t\t<p>Nous sommes ravis de vous annoncer qu&#8217;Am\u00e9lie Venne et Mathilde<\/p>\n\t\t<\/div>\n\t\t\t\t\t<div class=\"elementor-post__read-more-wrapper\">\n\t\t\n\t\t<a class=\"elementor-post__read-more\" href=\"https:\/\/monde.ca\/meretmonde\/co-direction-a-mer-et-monde\/\" aria-label=\"Read more about Bienvenue \u00e0 la Co-direction int\u00e9rimaire !\" tabindex=\"-1\" >\n\t\t\tVoir la nouvelle \u00bb\t\t<\/a>\n\n\t\t\t\t\t<\/div>\n\t\t\t\t<\/div>\n\t\t\t\t<\/article>\n\t\t\t\t<article class=\"elementor-post elementor-grid-item post-4261 post type-post status-publish format-standard has-post-thumbnail hentry category-nouvelles\" role=\"listitem\">\n\t\t\t\t<a class=\"elementor-post__thumbnail__link\" href=\"https:\/\/monde.ca\/meretmonde\/8m-les-femmes-de-saga-2\/\" tabindex=\"-1\" >\n\t\t\t<div class=\"elementor-post__thumbnail\"><img decoding=\"async\" width=\"750\" height=\"730\" src=\"https:\/\/monde.ca\/meretmonde\/wp-content\/uploads\/sites\/2\/2026\/03\/WhatsApp-Image-2026-03-03-at-11.11.29-e1772566493691.jpeg\" class=\"attachment-full size-full wp-image-4262\" alt=\"\" srcset=\"https:\/\/monde.ca\/meretmonde\/wp-content\/uploads\/sites\/2\/2026\/03\/WhatsApp-Image-2026-03-03-at-11.11.29-e1772566493691.jpeg 750w, https:\/\/monde.ca\/meretmonde\/wp-content\/uploads\/sites\/2\/2026\/03\/WhatsApp-Image-2026-03-03-at-11.11.29-e1772566493691-300x292.jpeg 300w\" sizes=\"(max-width: 750px) 100vw, 750px\" \/><\/div>\n\t\t<\/a>\n\t\t\t\t<div class=\"elementor-post__text\">\n\t\t\t\t<h3 class=\"elementor-post__title\">\n\t\t\t<a href=\"https:\/\/monde.ca\/meretmonde\/8m-les-femmes-de-saga-2\/\" >\n\t\t\t\t8M : Les femmes de SAGA 2\t\t\t<\/a>\n\t\t<\/h3>\n\t\t\t\t<div class=\"elementor-post__meta-data\">\n\t\t\t\t\t<span class=\"elementor-post-date\">\n\t\t\t03\/03\/2026\t\t<\/span>\n\t\t\t\t<\/div>\n\t\t\t\t<div class=\"elementor-post__excerpt\">\n\t\t\t<p>\u00c0 l&#8217;occasion de la Journ\u00e9e internationale des droits des femmes,<\/p>\n\t\t<\/div>\n\t\t\t\t\t<div class=\"elementor-post__read-more-wrapper\">\n\t\t\n\t\t<a class=\"elementor-post__read-more\" href=\"https:\/\/monde.ca\/meretmonde\/8m-les-femmes-de-saga-2\/\" aria-label=\"Read more about 8M : Les femmes de SAGA 2\" tabindex=\"-1\" >\n\t\t\tVoir la nouvelle \u00bb\t\t<\/a>\n\n\t\t\t\t\t<\/div>\n\t\t\t\t<\/div>\n\t\t\t\t<\/article>\n\t\t\t\t<article class=\"elementor-post elementor-grid-item post-4206 post type-post status-publish format-standard has-post-thumbnail hentry category-nouvelles\" role=\"listitem\">\n\t\t\t\t<a class=\"elementor-post__thumbnail__link\" href=\"https:\/\/monde.ca\/meretmonde\/communique-de-presse\/\" tabindex=\"-1\" >\n\t\t\t<div class=\"elementor-post__thumbnail\"><img decoding=\"async\" width=\"960\" height=\"540\" src=\"https:\/\/monde.ca\/meretmonde\/wp-content\/uploads\/sites\/2\/2026\/01\/DJI_20260119084246_0199_D.jpg\" class=\"attachment-full size-full wp-image-4207\" alt=\"\" srcset=\"https:\/\/monde.ca\/meretmonde\/wp-content\/uploads\/sites\/2\/2026\/01\/DJI_20260119084246_0199_D.jpg 960w, https:\/\/monde.ca\/meretmonde\/wp-content\/uploads\/sites\/2\/2026\/01\/DJI_20260119084246_0199_D-300x169.jpg 300w, https:\/\/monde.ca\/meretmonde\/wp-content\/uploads\/sites\/2\/2026\/01\/DJI_20260119084246_0199_D-768x432.jpg 768w\" sizes=\"(max-width: 960px) 100vw, 960px\" \/><\/div>\n\t\t<\/a>\n\t\t\t\t<div class=\"elementor-post__text\">\n\t\t\t\t<h3 class=\"elementor-post__title\">\n\t\t\t<a href=\"https:\/\/monde.ca\/meretmonde\/communique-de-presse\/\" >\n\t\t\t\tSucc\u00e8s du projet ESSOR\t\t\t<\/a>\n\t\t<\/h3>\n\t\t\t\t<div class=\"elementor-post__meta-data\">\n\t\t\t\t\t<span class=\"elementor-post-date\">\n\t\t\t22\/01\/2026\t\t<\/span>\n\t\t\t\t<\/div>\n\t\t\t\t<div class=\"elementor-post__excerpt\">\n\t\t\t<p>https:\/\/monde.ca\/meretmonde\/wp-content\/uploads\/sites\/2\/2026\/01\/Temoignage-ESSOR-1-1.mp4 COMMUNIQU\u00c9 DE PRESSE Thi\u00e8s, le 21 janvier 2026 &#8211;<\/p>\n\t\t<\/div>\n\t\t\t\t\t<div class=\"elementor-post__read-more-wrapper\">\n\t\t\n\t\t<a class=\"elementor-post__read-more\" href=\"https:\/\/monde.ca\/meretmonde\/communique-de-presse\/\" aria-label=\"Read more about Succ\u00e8s du projet ESSOR\" tabindex=\"-1\" >\n\t\t\tVoir la nouvelle \u00bb\t\t<\/a>\n\n\t\t\t\t\t<\/div>\n\t\t\t\t<\/div>\n\t\t\t\t<\/article>\n\t\t\t\t<article class=\"elementor-post elementor-grid-item post-4190 post type-post status-publish format-standard has-post-thumbnail hentry category-nouvelles\" role=\"listitem\">\n\t\t\t\t<a class=\"elementor-post__thumbnail__link\" href=\"https:\/\/monde.ca\/meretmonde\/en-hommage-a-mireille-chilloux\/\" tabindex=\"-1\" >\n\t\t\t<div class=\"elementor-post__thumbnail\"><img loading=\"lazy\" decoding=\"async\" width=\"2261\" height=\"1993\" src=\"https:\/\/monde.ca\/meretmonde\/wp-content\/uploads\/sites\/2\/2026\/01\/JbXyvtczUgHGG2t9IOhyufGQSeXxE0z8iIWF2P1l.jpg\" class=\"attachment-full size-full wp-image-4191\" alt=\"\" srcset=\"https:\/\/monde.ca\/meretmonde\/wp-content\/uploads\/sites\/2\/2026\/01\/JbXyvtczUgHGG2t9IOhyufGQSeXxE0z8iIWF2P1l.jpg 2261w, https:\/\/monde.ca\/meretmonde\/wp-content\/uploads\/sites\/2\/2026\/01\/JbXyvtczUgHGG2t9IOhyufGQSeXxE0z8iIWF2P1l-300x264.jpg 300w, https:\/\/monde.ca\/meretmonde\/wp-content\/uploads\/sites\/2\/2026\/01\/JbXyvtczUgHGG2t9IOhyufGQSeXxE0z8iIWF2P1l-1024x903.jpg 1024w, https:\/\/monde.ca\/meretmonde\/wp-content\/uploads\/sites\/2\/2026\/01\/JbXyvtczUgHGG2t9IOhyufGQSeXxE0z8iIWF2P1l-768x677.jpg 768w, https:\/\/monde.ca\/meretmonde\/wp-content\/uploads\/sites\/2\/2026\/01\/JbXyvtczUgHGG2t9IOhyufGQSeXxE0z8iIWF2P1l-1536x1354.jpg 1536w, https:\/\/monde.ca\/meretmonde\/wp-content\/uploads\/sites\/2\/2026\/01\/JbXyvtczUgHGG2t9IOhyufGQSeXxE0z8iIWF2P1l-2048x1805.jpg 2048w\" sizes=\"(max-width: 2261px) 100vw, 2261px\" \/><\/div>\n\t\t<\/a>\n\t\t\t\t<div class=\"elementor-post__text\">\n\t\t\t\t<h3 class=\"elementor-post__title\">\n\t\t\t<a href=\"https:\/\/monde.ca\/meretmonde\/en-hommage-a-mireille-chilloux\/\" >\n\t\t\t\tEn hommage \u00e0 Mireille Chilloux\t\t\t<\/a>\n\t\t<\/h3>\n\t\t\t\t<div class=\"elementor-post__meta-data\">\n\t\t\t\t\t<span class=\"elementor-post-date\">\n\t\t\t15\/01\/2026\t\t<\/span>\n\t\t\t\t<\/div>\n\t\t\t\t<div class=\"elementor-post__excerpt\">\n\t\t\t<p>C\u2019est avec une profonde tristesse que nous vous informons du<\/p>\n\t\t<\/div>\n\t\t\t\t\t<div class=\"elementor-post__read-more-wrapper\">\n\t\t\n\t\t<a class=\"elementor-post__read-more\" href=\"https:\/\/monde.ca\/meretmonde\/en-hommage-a-mireille-chilloux\/\" aria-label=\"Read more about En hommage \u00e0 Mireille Chilloux\" tabindex=\"-1\" >\n\t\t\tVoir la nouvelle \u00bb\t\t<\/a>\n\n\t\t\t\t\t<\/div>\n\t\t\t\t<\/div>\n\t\t\t\t<\/article>\n\t\t\t\t<article class=\"elementor-post elementor-grid-item post-4105 post type-post status-publish format-standard has-post-thumbnail hentry category-nouvelles\" role=\"listitem\">\n\t\t\t\t<a class=\"elementor-post__thumbnail__link\" href=\"https:\/\/monde.ca\/meretmonde\/coordonnateur%c2%b7trice-des-stages-et-de-la-formation\/\" tabindex=\"-1\" >\n\t\t\t<div class=\"elementor-post__thumbnail\"><img loading=\"lazy\" decoding=\"async\" width=\"1920\" height=\"1080\" src=\"https:\/\/monde.ca\/meretmonde\/wp-content\/uploads\/sites\/2\/2025\/11\/Coordonnateur\u00b7trice-de-la-formation-1.jpg\" class=\"attachment-full size-full wp-image-4108\" alt=\"\" srcset=\"https:\/\/monde.ca\/meretmonde\/wp-content\/uploads\/sites\/2\/2025\/11\/Coordonnateur\u00b7trice-de-la-formation-1.jpg 1920w, https:\/\/monde.ca\/meretmonde\/wp-content\/uploads\/sites\/2\/2025\/11\/Coordonnateur\u00b7trice-de-la-formation-1-300x169.jpg 300w, https:\/\/monde.ca\/meretmonde\/wp-content\/uploads\/sites\/2\/2025\/11\/Coordonnateur\u00b7trice-de-la-formation-1-1024x576.jpg 1024w, https:\/\/monde.ca\/meretmonde\/wp-content\/uploads\/sites\/2\/2025\/11\/Coordonnateur\u00b7trice-de-la-formation-1-768x432.jpg 768w, https:\/\/monde.ca\/meretmonde\/wp-content\/uploads\/sites\/2\/2025\/11\/Coordonnateur\u00b7trice-de-la-formation-1-1536x864.jpg 1536w\" sizes=\"(max-width: 1920px) 100vw, 1920px\" \/><\/div>\n\t\t<\/a>\n\t\t\t\t<div class=\"elementor-post__text\">\n\t\t\t\t<h3 class=\"elementor-post__title\">\n\t\t\t<a href=\"https:\/\/monde.ca\/meretmonde\/coordonnateur%c2%b7trice-des-stages-et-de-la-formation\/\" >\n\t\t\t\tNous recrutons !\t\t\t<\/a>\n\t\t<\/h3>\n\t\t\t\t<div class=\"elementor-post__meta-data\">\n\t\t\t\t\t<span class=\"elementor-post-date\">\n\t\t\t20\/11\/2025\t\t<\/span>\n\t\t\t\t<\/div>\n\t\t\t\t<div class=\"elementor-post__excerpt\">\n\t\t\t<p>Offre d\u2019emploi \u2014 Coordonnateur\u00b7trice des stages et de la formation<\/p>\n\t\t<\/div>\n\t\t\t\t\t<div class=\"elementor-post__read-more-wrapper\">\n\t\t\n\t\t<a class=\"elementor-post__read-more\" href=\"https:\/\/monde.ca\/meretmonde\/coordonnateur%c2%b7trice-des-stages-et-de-la-formation\/\" aria-label=\"Read more about Nous recrutons !\" tabindex=\"-1\" >\n\t\t\tVoir la nouvelle \u00bb\t\t<\/a>\n\n\t\t\t\t\t<\/div>\n\t\t\t\t<\/div>\n\t\t\t\t<\/article>\n\t\t\t\t<article class=\"elementor-post elementor-grid-item post-4070 post type-post status-publish format-standard has-post-thumbnail hentry category-nouvelles\" role=\"listitem\">\n\t\t\t\t<a class=\"elementor-post__thumbnail__link\" href=\"https:\/\/monde.ca\/meretmonde\/atelier-mi-parcours-du-projet-saga-2-au-senegal\/\" tabindex=\"-1\" >\n\t\t\t<div class=\"elementor-post__thumbnail\"><img loading=\"lazy\" decoding=\"async\" width=\"563\" height=\"392\" src=\"https:\/\/monde.ca\/meretmonde\/wp-content\/uploads\/sites\/2\/2025\/10\/WhatsApp-Image-2025-10-04-a-10.25.04_4cf12159-e1759756571332.jpg\" class=\"attachment-full size-full wp-image-4077\" alt=\"\" srcset=\"https:\/\/monde.ca\/meretmonde\/wp-content\/uploads\/sites\/2\/2025\/10\/WhatsApp-Image-2025-10-04-a-10.25.04_4cf12159-e1759756571332.jpg 563w, https:\/\/monde.ca\/meretmonde\/wp-content\/uploads\/sites\/2\/2025\/10\/WhatsApp-Image-2025-10-04-a-10.25.04_4cf12159-e1759756571332-300x209.jpg 300w\" sizes=\"(max-width: 563px) 100vw, 563px\" \/><\/div>\n\t\t<\/a>\n\t\t\t\t<div class=\"elementor-post__text\">\n\t\t\t\t<h3 class=\"elementor-post__title\">\n\t\t\t<a href=\"https:\/\/monde.ca\/meretmonde\/atelier-mi-parcours-du-projet-saga-2-au-senegal\/\" >\n\t\t\t\tAtelier mi-parcours du projet SAGA 2 au S\u00e9n\u00e9gal\t\t\t<\/a>\n\t\t<\/h3>\n\t\t\t\t<div class=\"elementor-post__meta-data\">\n\t\t\t\t\t<span class=\"elementor-post-date\">\n\t\t\t06\/10\/2025\t\t<\/span>\n\t\t\t\t<\/div>\n\t\t\t\t<div class=\"elementor-post__excerpt\">\n\t\t\t<p>Mbour, S\u00e9n\u00e9gal \u2013 30 septembre au 3 octobre 2025 Notre<\/p>\n\t\t<\/div>\n\t\t\t\t\t<div class=\"elementor-post__read-more-wrapper\">\n\t\t\n\t\t<a class=\"elementor-post__read-more\" href=\"https:\/\/monde.ca\/meretmonde\/atelier-mi-parcours-du-projet-saga-2-au-senegal\/\" aria-label=\"Read more about Atelier mi-parcours du projet SAGA 2 au S\u00e9n\u00e9gal\" tabindex=\"-1\" >\n\t\t\tVoir la nouvelle \u00bb\t\t<\/a>\n\n\t\t\t\t\t<\/div>\n\t\t\t\t<\/div>\n\t\t\t\t<\/article>\n\t\t\t\t<article class=\"elementor-post elementor-grid-item post-4026 post type-post status-publish format-standard has-post-thumbnail hentry category-nouvelles\" role=\"listitem\">\n\t\t\t\t<a class=\"elementor-post__thumbnail__link\" href=\"https:\/\/monde.ca\/meretmonde\/mise-en-service-reussie-de-la-3e-centrale-solaire-a-touba-toul\/\" tabindex=\"-1\" >\n\t\t\t<div class=\"elementor-post__thumbnail\"><img loading=\"lazy\" decoding=\"async\" width=\"1152\" height=\"864\" src=\"https:\/\/monde.ca\/meretmonde\/wp-content\/uploads\/sites\/2\/2025\/08\/WhatsApp-Image-2024-06-04-a-10.17.05_438e3f46.jpg\" class=\"attachment-full size-full wp-image-4027\" alt=\"\" srcset=\"https:\/\/monde.ca\/meretmonde\/wp-content\/uploads\/sites\/2\/2025\/08\/WhatsApp-Image-2024-06-04-a-10.17.05_438e3f46.jpg 1152w, https:\/\/monde.ca\/meretmonde\/wp-content\/uploads\/sites\/2\/2025\/08\/WhatsApp-Image-2024-06-04-a-10.17.05_438e3f46-300x225.jpg 300w, https:\/\/monde.ca\/meretmonde\/wp-content\/uploads\/sites\/2\/2025\/08\/WhatsApp-Image-2024-06-04-a-10.17.05_438e3f46-1024x768.jpg 1024w, https:\/\/monde.ca\/meretmonde\/wp-content\/uploads\/sites\/2\/2025\/08\/WhatsApp-Image-2024-06-04-a-10.17.05_438e3f46-768x576.jpg 768w\" sizes=\"(max-width: 1152px) 100vw, 1152px\" \/><\/div>\n\t\t<\/a>\n\t\t\t\t<div class=\"elementor-post__text\">\n\t\t\t\t<h3 class=\"elementor-post__title\">\n\t\t\t<a href=\"https:\/\/monde.ca\/meretmonde\/mise-en-service-reussie-de-la-3e-centrale-solaire-a-touba-toul\/\" >\n\t\t\t\tMise en service r\u00e9ussie de la 3e centrale solaire \u00e0 Touba Toul\t\t\t<\/a>\n\t\t<\/h3>\n\t\t\t\t<div class=\"elementor-post__meta-data\">\n\t\t\t\t\t<span class=\"elementor-post-date\">\n\t\t\t15\/08\/2025\t\t<\/span>\n\t\t\t\t<\/div>\n\t\t\t\t<div class=\"elementor-post__excerpt\">\n\t\t\t<p>Mer et Monde est fi\u00e8re d&#8217;annoncer la mise en service<\/p>\n\t\t<\/div>\n\t\t\t\t\t<div class=\"elementor-post__read-more-wrapper\">\n\t\t\n\t\t<a class=\"elementor-post__read-more\" href=\"https:\/\/monde.ca\/meretmonde\/mise-en-service-reussie-de-la-3e-centrale-solaire-a-touba-toul\/\" aria-label=\"Read more about Mise en service r\u00e9ussie de la 3e centrale solaire \u00e0 Touba Toul\" tabindex=\"-1\" >\n\t\t\tVoir la nouvelle \u00bb\t\t<\/a>\n\n\t\t\t\t\t<\/div>\n\t\t\t\t<\/div>\n\t\t\t\t<\/article>\n\t\t\t\t<article class=\"elementor-post elementor-grid-item post-4008 post type-post status-publish format-standard has-post-thumbnail hentry category-nouvelles category-uncategorized\" role=\"listitem\">\n\t\t\t\t<a class=\"elementor-post__thumbnail__link\" href=\"https:\/\/monde.ca\/meretmonde\/invitation-a-laga-2025\/\" tabindex=\"-1\" >\n\t\t\t<div class=\"elementor-post__thumbnail\"><img loading=\"lazy\" decoding=\"async\" width=\"940\" height=\"788\" src=\"https:\/\/monde.ca\/meretmonde\/wp-content\/uploads\/sites\/2\/2025\/08\/Copie-de-Copie-de-Invitation-AGA-2022-Mer-et-Monde.jpg\" class=\"attachment-full size-full wp-image-4024\" alt=\"\" srcset=\"https:\/\/monde.ca\/meretmonde\/wp-content\/uploads\/sites\/2\/2025\/08\/Copie-de-Copie-de-Invitation-AGA-2022-Mer-et-Monde.jpg 940w, https:\/\/monde.ca\/meretmonde\/wp-content\/uploads\/sites\/2\/2025\/08\/Copie-de-Copie-de-Invitation-AGA-2022-Mer-et-Monde-300x251.jpg 300w, https:\/\/monde.ca\/meretmonde\/wp-content\/uploads\/sites\/2\/2025\/08\/Copie-de-Copie-de-Invitation-AGA-2022-Mer-et-Monde-768x644.jpg 768w\" sizes=\"(max-width: 940px) 100vw, 940px\" \/><\/div>\n\t\t<\/a>\n\t\t\t\t<div class=\"elementor-post__text\">\n\t\t\t\t<h3 class=\"elementor-post__title\">\n\t\t\t<a href=\"https:\/\/monde.ca\/meretmonde\/invitation-a-laga-2025\/\" >\n\t\t\t\tInvitation \u00e0 l&#8217;AGA 2025\t\t\t<\/a>\n\t\t<\/h3>\n\t\t\t\t<div class=\"elementor-post__meta-data\">\n\t\t\t\t\t<span class=\"elementor-post-date\">\n\t\t\t15\/08\/2025\t\t<\/span>\n\t\t\t\t<\/div>\n\t\t\t\t<div class=\"elementor-post__excerpt\">\n\t\t\t<p>C&#8217;est avec enthousiasme que Mer et Monde vous convie \u00e0<\/p>\n\t\t<\/div>\n\t\t\t\t\t<div class=\"elementor-post__read-more-wrapper\">\n\t\t\n\t\t<a class=\"elementor-post__read-more\" href=\"https:\/\/monde.ca\/meretmonde\/invitation-a-laga-2025\/\" aria-label=\"Read more about Invitation \u00e0 l&#8217;AGA 2025\" tabindex=\"-1\" >\n\t\t\tVoir la nouvelle \u00bb\t\t<\/a>\n\n\t\t\t\t\t<\/div>\n\t\t\t\t<\/div>\n\t\t\t\t<\/article>\n\t\t\t\t<article class=\"elementor-post elementor-grid-item post-3975 post type-post status-publish format-standard has-post-thumbnail hentry category-nouvelles\" role=\"listitem\">\n\t\t\t\t<a class=\"elementor-post__thumbnail__link\" href=\"https:\/\/monde.ca\/meretmonde\/mandat-de-volontariat\/\" tabindex=\"-1\" >\n\t\t\t<div class=\"elementor-post__thumbnail\"><img loading=\"lazy\" decoding=\"async\" width=\"1080\" height=\"1350\" src=\"https:\/\/monde.ca\/meretmonde\/wp-content\/uploads\/sites\/2\/2025\/08\/1.png\" class=\"attachment-full size-full wp-image-3983\" alt=\"\" srcset=\"https:\/\/monde.ca\/meretmonde\/wp-content\/uploads\/sites\/2\/2025\/08\/1.png 1080w, https:\/\/monde.ca\/meretmonde\/wp-content\/uploads\/sites\/2\/2025\/08\/1-240x300.png 240w, https:\/\/monde.ca\/meretmonde\/wp-content\/uploads\/sites\/2\/2025\/08\/1-819x1024.png 819w, https:\/\/monde.ca\/meretmonde\/wp-content\/uploads\/sites\/2\/2025\/08\/1-768x960.png 768w\" sizes=\"(max-width: 1080px) 100vw, 1080px\" \/><\/div>\n\t\t<\/a>\n\t\t\t\t<div class=\"elementor-post__text\">\n\t\t\t\t<h3 class=\"elementor-post__title\">\n\t\t\t<a href=\"https:\/\/monde.ca\/meretmonde\/mandat-de-volontariat\/\" >\n\t\t\t\tMandat de volontariat\t\t\t<\/a>\n\t\t<\/h3>\n\t\t\t\t<div class=\"elementor-post__meta-data\">\n\t\t\t\t\t<span class=\"elementor-post-date\">\n\t\t\t08\/08\/2025\t\t<\/span>\n\t\t\t\t<\/div>\n\t\t\t\t<div class=\"elementor-post__excerpt\">\n\t\t\t<p>Marketing, communication &amp; graphisme Lieu(x) : Thi\u00e8s, S\u00e9n\u00e9gal Date limite<\/p>\n\t\t<\/div>\n\t\t\t\t\t<div class=\"elementor-post__read-more-wrapper\">\n\t\t\n\t\t<a class=\"elementor-post__read-more\" href=\"https:\/\/monde.ca\/meretmonde\/mandat-de-volontariat\/\" aria-label=\"Read more about Mandat de volontariat\" tabindex=\"-1\" >\n\t\t\tVoir la nouvelle \u00bb\t\t<\/a>\n\n\t\t\t\t\t<\/div>\n\t\t\t\t<\/div>\n\t\t\t\t<\/article>\n\t\t\t\t<\/div>\n\t\t\t\t\t<span class=\"e-load-more-spinner\">\n\t\t\t\t<svg aria-hidden=\"true\" class=\"e-font-icon-svg e-fas-spinner\" viewBox=\"0 0 512 512\" xmlns=\"http:\/\/www.w3.org\/2000\/svg\"><path d=\"M304 48c0 26.51-21.49 48-48 48s-48-21.49-48-48 21.49-48 48-48 48 21.49 48 48zm-48 368c-26.51 0-48 21.49-48 48s21.49 48 48 48 48-21.49 48-48-21.49-48-48-48zm208-208c-26.51 0-48 21.49-48 48s21.49 48 48 48 48-21.49 48-48-21.49-48-48-48zM96 256c0-26.51-21.49-48-48-48S0 229.49 0 256s21.49 48 48 48 48-21.49 48-48zm12.922 99.078c-26.51 0-48 21.49-48 48s21.49 48 48 48 48-21.49 48-48c0-26.509-21.491-48-48-48zm294.156 0c-26.51 0-48 21.49-48 48s21.49 48 48 48 48-21.49 48-48c0-26.509-21.49-48-48-48zM108.922 60.922c-26.51 0-48 21.49-48 48s21.49 48 48 48 48-21.49 48-48-21.491-48-48-48z\"><\/path><\/svg>\t\t\t<\/span>\n\t\t\n\t\t\t\t<div class=\"e-load-more-anchor\" data-page=\"1\" data-max-page=\"3\" data-next-page=\"https:\/\/monde.ca\/meretmonde\/wp-json\/wp\/v2\/pages\/498\/page\/2\/\"><\/div>\n\t\t\t\t<div class=\"e-load-more-message\"><\/div>\n\t\t\t\t\t\t<\/div>\n\t\t\t\t<\/div>\n\t\t\t\t\t<\/div>\n\t\t\t\t<\/div>\n\t\t\t\t<\/div>\n\t\t","protected":false},"excerpt":{"rendered":"<p>&#8230;<\/p>\n","protected":false},"author":1,"featured_media":0,"parent":0,"menu_order":0,"comment_status":"closed","ping_status":"closed","template":"","meta":{"footnotes":""},"class_list":["post-498","page","type-page","status-publish","hentry"],"_links":{"self":[{"href":"https:\/\/monde.ca\/meretmonde\/wp-json\/wp\/v2\/pages\/498","targetHints":{"allow":["GET"]}}],"collection":[{"href":"https:\/\/monde.ca\/meretmonde\/wp-json\/wp\/v2\/pages"}],"about":[{"href":"https:\/\/monde.ca\/meretmonde\/wp-json\/wp\/v2\/types\/page"}],"author":[{"embeddable":true,"href":"https:\/\/monde.ca\/meretmonde\/wp-json\/wp\/v2\/users\/1"}],"replies":[{"embeddable":true,"href":"https:\/\/monde.ca\/meretmonde\/wp-json\/wp\/v2\/comments?post=498"}],"version-history":[{"count":86,"href":"https:\/\/monde.ca\/meretmonde\/wp-json\/wp\/v2\/pages\/498\/revisions"}],"predecessor-version":[{"id":3972,"href":"https:\/\/monde.ca\/meretmonde\/wp-json\/wp\/v2\/pages\/498\/revisions\/3972"}],"wp:attachment":[{"href":"https:\/\/monde.ca\/meretmonde\/wp-json\/wp\/v2\/media?parent=498"}],"curies":[{"name":"wp","href":"https:\/\/api.w.org\/{rel}","templated":true}]}}