{"id":353,"date":"2024-10-10T17:55:57","date_gmt":"2024-10-10T17:55:57","guid":{"rendered":"https:\/\/somi-t.com\/monde.ca\/meretmonde\/?page_id=353"},"modified":"2025-03-24T18:51:47","modified_gmt":"2025-03-24T22:51:47","slug":"a-propos","status":"publish","type":"page","link":"https:\/\/monde.ca\/meretmonde\/a-propos\/","title":{"rendered":"\u00c0 Propos"},"content":{"rendered":"\t\t<div data-elementor-type=\"wp-page\" data-elementor-id=\"353\" class=\"elementor elementor-353\" data-elementor-post-type=\"page\">\n\t\t\t\t<div class=\"elementor-element elementor-element-29cd2f0 e-con-full e-flex e-con e-parent\" data-id=\"29cd2f0\" data-element_type=\"container\" data-e-type=\"container\" data-settings=\"{&quot;background_background&quot;:&quot;classic&quot;}\">\n\t\t<div class=\"elementor-element elementor-element-147aea1 e-con-full elementor-hidden-mobile e-flex e-con e-child\" data-id=\"147aea1\" data-element_type=\"container\" data-e-type=\"container\">\n\t\t\t\t<div class=\"elementor-element elementor-element-0dc3106 elementor-widget elementor-widget-image\" data-id=\"0dc3106\" data-element_type=\"widget\" data-e-type=\"widget\" data-widget_type=\"image.default\">\n\t\t\t\t<div class=\"elementor-widget-container\">\n\t\t\t\t\t\t\t\t\t\t\t\t\t\t\t<img decoding=\"async\" width=\"170\" height=\"170\" src=\"https:\/\/monde.ca\/meretmonde\/wp-content\/uploads\/sites\/2\/2024\/10\/logoMMentree.gif\" class=\"attachment-large size-large wp-image-65\" alt=\"\" \/>\t\t\t\t\t\t\t\t\t\t\t\t\t\t\t<\/div>\n\t\t\t\t<\/div>\n\t\t\t\t<\/div>\n\t\t<div class=\"elementor-element elementor-element-9e38270 e-con-full e-flex e-con e-child\" data-id=\"9e38270\" data-element_type=\"container\" data-e-type=\"container\">\n\t\t\t\t<div class=\"elementor-element elementor-element-01d50d2 elementor-widget elementor-widget-heading\" data-id=\"01d50d2\" data-element_type=\"widget\" data-e-type=\"widget\" data-widget_type=\"heading.default\">\n\t\t\t\t<div class=\"elementor-widget-container\">\n\t\t\t\t\t<h2 class=\"elementor-heading-title elementor-size-default\">\u00c0 propos<\/h2>\t\t\t\t<\/div>\n\t\t\t\t<\/div>\n\t\t\t\t<\/div>\n\t\t\t\t<\/div>\n\t\t<div class=\"elementor-element elementor-element-ecf1550 e-flex e-con-boxed e-con e-parent\" data-id=\"ecf1550\" data-element_type=\"container\" data-e-type=\"container\" data-settings=\"{&quot;background_background&quot;:&quot;gradient&quot;}\">\n\t\t\t\t\t<div class=\"e-con-inner\">\n\t\t\t\t<div class=\"elementor-element elementor-element-b4208b0 elementor-widget elementor-widget-text-editor\" data-id=\"b4208b0\" data-element_type=\"widget\" data-e-type=\"widget\" data-widget_type=\"text-editor.default\">\n\t\t\t\t<div class=\"elementor-widget-container\">\n\t\t\t\t\t\t\t\t\t<p>Pour Mer et Monde, le v\u00e9ritable d\u00e9veloppement durable passe d&#8217;abord <br \/>par la rencontre des personnes et la collaboration entre elles.<\/p>\t\t\t\t\t\t\t\t<\/div>\n\t\t\t\t<\/div>\n\t\t<div class=\"elementor-element elementor-element-ce0abbe e-con-full e-flex e-con e-child\" data-id=\"ce0abbe\" data-element_type=\"container\" data-e-type=\"container\">\n\t\t<div class=\"elementor-element elementor-element-2e75c86 e-con-full e-flex e-con e-child\" data-id=\"2e75c86\" data-element_type=\"container\" data-e-type=\"container\">\n\t\t\t\t<div class=\"elementor-element elementor-element-87fe49c elementor-align-start elementor-icon-list--layout-traditional elementor-list-item-link-full_width elementor-widget elementor-widget-icon-list\" data-id=\"87fe49c\" data-element_type=\"widget\" data-e-type=\"widget\" data-widget_type=\"icon-list.default\">\n\t\t\t\t<div class=\"elementor-widget-container\">\n\t\t\t\t\t\t\t<ul class=\"elementor-icon-list-items\">\n\t\t\t\t\t\t\t<li class=\"elementor-icon-list-item\">\n\t\t\t\t\t\t\t\t\t\t\t<a href=\"https:\/\/monde.ca\/meretmonde\/mission-et-valeurs\/\">\n\n\t\t\t\t\t\t\t\t\t\t\t\t<span class=\"elementor-icon-list-icon\">\n\t\t\t\t\t\t\t<svg aria-hidden=\"true\" class=\"e-font-icon-svg e-fas-chevron-circle-right\" viewBox=\"0 0 512 512\" xmlns=\"http:\/\/www.w3.org\/2000\/svg\"><path d=\"M256 8c137 0 248 111 248 248S393 504 256 504 8 393 8 256 119 8 256 8zm113.9 231L234.4 103.5c-9.4-9.4-24.6-9.4-33.9 0l-17 17c-9.4 9.4-9.4 24.6 0 33.9L285.1 256 183.5 357.6c-9.4 9.4-9.4 24.6 0 33.9l17 17c9.4 9.4 24.6 9.4 33.9 0L369.9 273c9.4-9.4 9.4-24.6 0-34z\"><\/path><\/svg>\t\t\t\t\t\t<\/span>\n\t\t\t\t\t\t\t\t\t\t<span class=\"elementor-icon-list-text\">Mission et valeurs<\/span>\n\t\t\t\t\t\t\t\t\t\t\t<\/a>\n\t\t\t\t\t\t\t\t\t<\/li>\n\t\t\t\t\t\t<\/ul>\n\t\t\t\t\t\t<\/div>\n\t\t\t\t<\/div>\n\t\t\t\t<div class=\"elementor-element elementor-element-d438b6f elementor-widget elementor-widget-image\" data-id=\"d438b6f\" data-element_type=\"widget\" data-e-type=\"widget\" data-widget_type=\"image.default\">\n\t\t\t\t<div class=\"elementor-widget-container\">\n\t\t\t\t\t\t\t\t\t\t\t\t\t\t\t\t<a href=\"https:\/\/monde.ca\/meretmonde\/mission-et-valeurs\/\">\n\t\t\t\t\t\t\t<img fetchpriority=\"high\" decoding=\"async\" width=\"325\" height=\"184\" src=\"https:\/\/monde.ca\/meretmonde\/wp-content\/uploads\/sites\/2\/2024\/10\/alexandra-lamothe.jpg\" class=\"elementor-animation-grow attachment-full size-full wp-image-361\" alt=\"\" srcset=\"https:\/\/monde.ca\/meretmonde\/wp-content\/uploads\/sites\/2\/2024\/10\/alexandra-lamothe.jpg 325w, https:\/\/monde.ca\/meretmonde\/wp-content\/uploads\/sites\/2\/2024\/10\/alexandra-lamothe-300x170.jpg 300w\" sizes=\"(max-width: 325px) 100vw, 325px\" \/>\t\t\t\t\t\t\t\t<\/a>\n\t\t\t\t\t\t\t\t\t\t\t\t\t\t\t<\/div>\n\t\t\t\t<\/div>\n\t\t\t\t<\/div>\n\t\t<div class=\"elementor-element elementor-element-2d4bece e-con-full e-flex e-con e-child\" data-id=\"2d4bece\" data-element_type=\"container\" data-e-type=\"container\">\n\t\t\t\t<div class=\"elementor-element elementor-element-3ec1164 elementor-align-start elementor-icon-list--layout-traditional elementor-list-item-link-full_width elementor-widget elementor-widget-icon-list\" data-id=\"3ec1164\" data-element_type=\"widget\" data-e-type=\"widget\" data-widget_type=\"icon-list.default\">\n\t\t\t\t<div class=\"elementor-widget-container\">\n\t\t\t\t\t\t\t<ul class=\"elementor-icon-list-items\">\n\t\t\t\t\t\t\t<li class=\"elementor-icon-list-item\">\n\t\t\t\t\t\t\t\t\t\t\t<a href=\"https:\/\/monde.ca\/meretmonde\/conseil-dadministration\/\">\n\n\t\t\t\t\t\t\t\t\t\t\t\t<span class=\"elementor-icon-list-icon\">\n\t\t\t\t\t\t\t<svg aria-hidden=\"true\" class=\"e-font-icon-svg e-fas-chevron-circle-right\" viewBox=\"0 0 512 512\" xmlns=\"http:\/\/www.w3.org\/2000\/svg\"><path d=\"M256 8c137 0 248 111 248 248S393 504 256 504 8 393 8 256 119 8 256 8zm113.9 231L234.4 103.5c-9.4-9.4-24.6-9.4-33.9 0l-17 17c-9.4 9.4-9.4 24.6 0 33.9L285.1 256 183.5 357.6c-9.4 9.4-9.4 24.6 0 33.9l17 17c9.4 9.4 24.6 9.4 33.9 0L369.9 273c9.4-9.4 9.4-24.6 0-34z\"><\/path><\/svg>\t\t\t\t\t\t<\/span>\n\t\t\t\t\t\t\t\t\t\t<span class=\"elementor-icon-list-text\">C.A.<\/span>\n\t\t\t\t\t\t\t\t\t\t\t<\/a>\n\t\t\t\t\t\t\t\t\t<\/li>\n\t\t\t\t\t\t<\/ul>\n\t\t\t\t\t\t<\/div>\n\t\t\t\t<\/div>\n\t\t\t\t<div class=\"elementor-element elementor-element-eee11d0 elementor-widget elementor-widget-image\" data-id=\"eee11d0\" data-element_type=\"widget\" data-e-type=\"widget\" data-widget_type=\"image.default\">\n\t\t\t\t<div class=\"elementor-widget-container\">\n\t\t\t\t\t\t\t\t\t\t\t\t\t\t\t\t<a href=\"https:\/\/monde.ca\/meretmonde\/conseil-dadministration\/\">\n\t\t\t\t\t\t\t<img decoding=\"async\" width=\"325\" height=\"184\" src=\"https:\/\/monde.ca\/meretmonde\/wp-content\/uploads\/sites\/2\/2024\/10\/1-formation-manger-des-l-gumes-vari-s-insta-e1738341229517.jpg\" class=\"elementor-animation-grow attachment-large size-large wp-image-362\" alt=\"conseil\" \/>\t\t\t\t\t\t\t\t<\/a>\n\t\t\t\t\t\t\t\t\t\t\t\t\t\t\t<\/div>\n\t\t\t\t<\/div>\n\t\t\t\t<\/div>\n\t\t<div class=\"elementor-element elementor-element-535217e e-con-full e-flex e-con e-child\" data-id=\"535217e\" data-element_type=\"container\" data-e-type=\"container\">\n\t\t\t\t<div class=\"elementor-element elementor-element-b20c761 elementor-align-start elementor-icon-list--layout-traditional elementor-list-item-link-full_width elementor-widget elementor-widget-icon-list\" data-id=\"b20c761\" data-element_type=\"widget\" data-e-type=\"widget\" data-widget_type=\"icon-list.default\">\n\t\t\t\t<div class=\"elementor-widget-container\">\n\t\t\t\t\t\t\t<ul class=\"elementor-icon-list-items\">\n\t\t\t\t\t\t\t<li class=\"elementor-icon-list-item\">\n\t\t\t\t\t\t\t\t\t\t\t<a href=\"https:\/\/monde.ca\/meretmonde\/equipe\/\">\n\n\t\t\t\t\t\t\t\t\t\t\t\t<span class=\"elementor-icon-list-icon\">\n\t\t\t\t\t\t\t<svg aria-hidden=\"true\" class=\"e-font-icon-svg e-fas-chevron-circle-right\" viewBox=\"0 0 512 512\" xmlns=\"http:\/\/www.w3.org\/2000\/svg\"><path d=\"M256 8c137 0 248 111 248 248S393 504 256 504 8 393 8 256 119 8 256 8zm113.9 231L234.4 103.5c-9.4-9.4-24.6-9.4-33.9 0l-17 17c-9.4 9.4-9.4 24.6 0 33.9L285.1 256 183.5 357.6c-9.4 9.4-9.4 24.6 0 33.9l17 17c9.4 9.4 24.6 9.4 33.9 0L369.9 273c9.4-9.4 9.4-24.6 0-34z\"><\/path><\/svg>\t\t\t\t\t\t<\/span>\n\t\t\t\t\t\t\t\t\t\t<span class=\"elementor-icon-list-text\">Notre \u00e9quipe<\/span>\n\t\t\t\t\t\t\t\t\t\t\t<\/a>\n\t\t\t\t\t\t\t\t\t<\/li>\n\t\t\t\t\t\t<\/ul>\n\t\t\t\t\t\t<\/div>\n\t\t\t\t<\/div>\n\t\t\t\t<div class=\"elementor-element elementor-element-2399cc9 elementor-widget elementor-widget-image\" data-id=\"2399cc9\" data-element_type=\"widget\" data-e-type=\"widget\" data-widget_type=\"image.default\">\n\t\t\t\t<div class=\"elementor-widget-container\">\n\t\t\t\t\t\t\t\t\t\t\t\t\t\t\t\t<a href=\"https:\/\/monde.ca\/meretmonde\/equipe\/\">\n\t\t\t\t\t\t\t<img loading=\"lazy\" decoding=\"async\" width=\"325\" height=\"183\" src=\"https:\/\/monde.ca\/meretmonde\/wp-content\/uploads\/sites\/2\/2024\/10\/5-retour-en-classe-insta.jpg\" class=\"elementor-animation-grow attachment-large size-large wp-image-364\" alt=\"\" srcset=\"https:\/\/monde.ca\/meretmonde\/wp-content\/uploads\/sites\/2\/2024\/10\/5-retour-en-classe-insta.jpg 325w, https:\/\/monde.ca\/meretmonde\/wp-content\/uploads\/sites\/2\/2024\/10\/5-retour-en-classe-insta-300x169.jpg 300w\" sizes=\"(max-width: 325px) 100vw, 325px\" \/>\t\t\t\t\t\t\t\t<\/a>\n\t\t\t\t\t\t\t\t\t\t\t\t\t\t\t<\/div>\n\t\t\t\t<\/div>\n\t\t\t\t<\/div>\n\t\t<div class=\"elementor-element elementor-element-055460a e-con-full e-flex e-con e-child\" data-id=\"055460a\" data-element_type=\"container\" data-e-type=\"container\">\n\t\t\t\t<div class=\"elementor-element elementor-element-ddc8984 elementor-align-start elementor-icon-list--layout-traditional elementor-list-item-link-full_width elementor-widget elementor-widget-icon-list\" data-id=\"ddc8984\" data-element_type=\"widget\" data-e-type=\"widget\" data-widget_type=\"icon-list.default\">\n\t\t\t\t<div class=\"elementor-widget-container\">\n\t\t\t\t\t\t\t<ul class=\"elementor-icon-list-items\">\n\t\t\t\t\t\t\t<li class=\"elementor-icon-list-item\">\n\t\t\t\t\t\t\t\t\t\t\t<a href=\"https:\/\/monde.ca\/meretmonde\/no-partenaires\/\">\n\n\t\t\t\t\t\t\t\t\t\t\t\t<span class=\"elementor-icon-list-icon\">\n\t\t\t\t\t\t\t<svg aria-hidden=\"true\" class=\"e-font-icon-svg e-fas-chevron-circle-right\" viewBox=\"0 0 512 512\" xmlns=\"http:\/\/www.w3.org\/2000\/svg\"><path d=\"M256 8c137 0 248 111 248 248S393 504 256 504 8 393 8 256 119 8 256 8zm113.9 231L234.4 103.5c-9.4-9.4-24.6-9.4-33.9 0l-17 17c-9.4 9.4-9.4 24.6 0 33.9L285.1 256 183.5 357.6c-9.4 9.4-9.4 24.6 0 33.9l17 17c9.4 9.4 24.6 9.4 33.9 0L369.9 273c9.4-9.4 9.4-24.6 0-34z\"><\/path><\/svg>\t\t\t\t\t\t<\/span>\n\t\t\t\t\t\t\t\t\t\t<span class=\"elementor-icon-list-text\">Nos partenaires<\/span>\n\t\t\t\t\t\t\t\t\t\t\t<\/a>\n\t\t\t\t\t\t\t\t\t<\/li>\n\t\t\t\t\t\t<\/ul>\n\t\t\t\t\t\t<\/div>\n\t\t\t\t<\/div>\n\t\t\t\t<div class=\"elementor-element elementor-element-605f6b7 elementor-widget elementor-widget-image\" data-id=\"605f6b7\" data-element_type=\"widget\" data-e-type=\"widget\" data-widget_type=\"image.default\">\n\t\t\t\t<div class=\"elementor-widget-container\">\n\t\t\t\t\t\t\t\t\t\t\t\t\t\t\t\t<a href=\"https:\/\/monde.ca\/meretmonde\/no-partenaires\/\">\n\t\t\t\t\t\t\t<img loading=\"lazy\" decoding=\"async\" width=\"325\" height=\"183\" src=\"https:\/\/monde.ca\/meretmonde\/wp-content\/uploads\/sites\/2\/2025\/01\/partenaires_b-e1738092499566.jpg\" class=\"elementor-animation-grow attachment-large size-large wp-image-3401\" alt=\"\" srcset=\"https:\/\/monde.ca\/meretmonde\/wp-content\/uploads\/sites\/2\/2025\/01\/partenaires_b-e1738092499566.jpg 325w, https:\/\/monde.ca\/meretmonde\/wp-content\/uploads\/sites\/2\/2025\/01\/partenaires_b-e1738092499566-300x169.jpg 300w\" sizes=\"(max-width: 325px) 100vw, 325px\" \/>\t\t\t\t\t\t\t\t<\/a>\n\t\t\t\t\t\t\t\t\t\t\t\t\t\t\t<\/div>\n\t\t\t\t<\/div>\n\t\t\t\t<\/div>\n\t\t\t\t<\/div>\n\t\t\t\t<div class=\"elementor-element elementor-element-4406cb8 elementor-widget elementor-widget-text-editor\" data-id=\"4406cb8\" data-element_type=\"widget\" data-e-type=\"widget\" data-widget_type=\"text-editor.default\">\n\t\t\t\t<div class=\"elementor-widget-container\">\n\t\t\t\t\t\t\t\t\t<p>Mer et Monde est un organisme d&#8217;initiation \u00e0 la coop\u00e9ration internationale. Son action: sensibiliser, former et accompagner des stagiaires, jeunes et moins jeunes, dans leur exp\u00e9rience de solidarit\u00e9 au S\u00e9n\u00e9gal. Par son contact privil\u00e9gi\u00e9 avec ses partenaires impliqu\u00e9s dans le domaine social et par l&#8217;appui qu&#8217;elle donne sur le terrain, Mer et Monde favorise le d\u00e9veloppement solidaire et l&#8217;\u00e9change interculturel.<br \/>\u200b<br \/>Mer et Monde d\u00e9sire resserrer les liens qui unissent sa grande famille. Que vous soyez un nouveau visiteur de notre site, un ancien, un futur stagiaire, ou que vous nourrissiez simplement un d\u00e9sir de participation \u00e0 la coop\u00e9ration et \u00e0 la solidarit\u00e9, devenir membre de Mer et Monde constitue un premier pas vers un engagement bien concret.<\/p>\t\t\t\t\t\t\t\t<\/div>\n\t\t\t\t<\/div>\n\t\t\t\t\t<\/div>\n\t\t\t\t<\/div>\n\t\t\t\t<\/div>\n\t\t","protected":false},"excerpt":{"rendered":"<p>\u00c0 propos Pour Mer et Monde, le v\u00e9ritable d\u00e9veloppement durable passe d&#8217;abord par la rencontre des personnes et la collaboration entre elles. Mission et valeurs C.A. Notre \u00e9quipe Nos partenaires Mer et Monde est un organisme d&#8217;initiation \u00e0 la coop\u00e9ration internationale. Son action: sensibiliser, former et accompagner des stagiaires, jeunes et moins jeunes, dans leur [&hellip;]<\/p>\n","protected":false},"author":1,"featured_media":0,"parent":0,"menu_order":0,"comment_status":"closed","ping_status":"closed","template":"","meta":{"footnotes":""},"class_list":["post-353","page","type-page","status-publish","hentry"],"_links":{"self":[{"href":"https:\/\/monde.ca\/meretmonde\/wp-json\/wp\/v2\/pages\/353","targetHints":{"allow":["GET"]}}],"collection":[{"href":"https:\/\/monde.ca\/meretmonde\/wp-json\/wp\/v2\/pages"}],"about":[{"href":"https:\/\/monde.ca\/meretmonde\/wp-json\/wp\/v2\/types\/page"}],"author":[{"embeddable":true,"href":"https:\/\/monde.ca\/meretmonde\/wp-json\/wp\/v2\/users\/1"}],"replies":[{"embeddable":true,"href":"https:\/\/monde.ca\/meretmonde\/wp-json\/wp\/v2\/comments?post=353"}],"version-history":[{"count":69,"href":"https:\/\/monde.ca\/meretmonde\/wp-json\/wp\/v2\/pages\/353\/revisions"}],"predecessor-version":[{"id":3878,"href":"https:\/\/monde.ca\/meretmonde\/wp-json\/wp\/v2\/pages\/353\/revisions\/3878"}],"wp:attachment":[{"href":"https:\/\/monde.ca\/meretmonde\/wp-json\/wp\/v2\/media?parent=353"}],"curies":[{"name":"wp","href":"https:\/\/api.w.org\/{rel}","templated":true}]}}