{"id":203,"date":"2024-10-10T14:03:20","date_gmt":"2024-10-10T14:03:20","guid":{"rendered":"https:\/\/somi-t.com\/monde.ca\/meretmonde\/?page_id=203"},"modified":"2025-03-24T18:30:51","modified_gmt":"2025-03-24T22:30:51","slug":"conseil-dadministration","status":"publish","type":"page","link":"https:\/\/monde.ca\/meretmonde\/conseil-dadministration\/","title":{"rendered":"Conseil d&#8217;administration"},"content":{"rendered":"\t\t<div data-elementor-type=\"wp-page\" data-elementor-id=\"203\" class=\"elementor elementor-203\" data-elementor-post-type=\"page\">\n\t\t\t\t<div class=\"elementor-element elementor-element-90d94bd e-con-full e-flex e-con e-parent\" data-id=\"90d94bd\" data-element_type=\"container\" data-e-type=\"container\" data-settings=\"{&quot;background_background&quot;:&quot;classic&quot;}\">\n\t\t<div class=\"elementor-element elementor-element-f0abf88 e-con-full elementor-hidden-mobile e-flex e-con e-child\" data-id=\"f0abf88\" data-element_type=\"container\" data-e-type=\"container\">\n\t\t\t\t<div class=\"elementor-element elementor-element-35a174a elementor-widget elementor-widget-image\" data-id=\"35a174a\" data-element_type=\"widget\" data-e-type=\"widget\" data-widget_type=\"image.default\">\n\t\t\t\t<div class=\"elementor-widget-container\">\n\t\t\t\t\t\t\t\t\t\t\t\t\t\t\t<img decoding=\"async\" width=\"170\" height=\"170\" src=\"https:\/\/monde.ca\/meretmonde\/wp-content\/uploads\/sites\/2\/2024\/10\/logoMMentree.gif\" class=\"attachment-large size-large wp-image-65\" alt=\"\" \/>\t\t\t\t\t\t\t\t\t\t\t\t\t\t\t<\/div>\n\t\t\t\t<\/div>\n\t\t\t\t<\/div>\n\t\t<div class=\"elementor-element elementor-element-b797b0e e-con-full e-flex e-con e-child\" data-id=\"b797b0e\" data-element_type=\"container\" data-e-type=\"container\">\n\t\t\t\t<div class=\"elementor-element elementor-element-efa484d elementor-widget elementor-widget-heading\" data-id=\"efa484d\" data-element_type=\"widget\" data-e-type=\"widget\" data-widget_type=\"heading.default\">\n\t\t\t\t<div class=\"elementor-widget-container\">\n\t\t\t\t\t<h2 class=\"elementor-heading-title elementor-size-default\">Conseil d'administration<\/h2>\t\t\t\t<\/div>\n\t\t\t\t<\/div>\n\t\t\t\t<\/div>\n\t\t\t\t<\/div>\n\t\t<div class=\"elementor-element elementor-element-db3beaf e-grid e-con-boxed e-con e-parent\" data-id=\"db3beaf\" data-element_type=\"container\" data-e-type=\"container\" data-settings=\"{&quot;background_background&quot;:&quot;gradient&quot;}\">\n\t\t\t\t\t<div class=\"e-con-inner\">\n\t\t<div class=\"elementor-element elementor-element-09950c4 e-con-full e-flex e-con e-child\" data-id=\"09950c4\" data-element_type=\"container\" data-e-type=\"container\" data-settings=\"{&quot;background_background&quot;:&quot;classic&quot;}\">\n\t\t\t\t<div class=\"elementor-element elementor-element-b3e6ad8 elementor-widget elementor-widget-image\" data-id=\"b3e6ad8\" data-element_type=\"widget\" data-e-type=\"widget\" data-widget_type=\"image.default\">\n\t\t\t\t<div class=\"elementor-widget-container\">\n\t\t\t\t\t\t\t\t\t\t\t\t\t\t\t<img decoding=\"async\" width=\"195\" height=\"195\" src=\"https:\/\/monde.ca\/meretmonde\/wp-content\/uploads\/sites\/2\/2024\/10\/jade-st-georges.jpg\" class=\"attachment-large size-large wp-image-221\" alt=\"Jade St-Georges\" srcset=\"https:\/\/monde.ca\/meretmonde\/wp-content\/uploads\/sites\/2\/2024\/10\/jade-st-georges.jpg 195w, https:\/\/monde.ca\/meretmonde\/wp-content\/uploads\/sites\/2\/2024\/10\/jade-st-georges-150x150.jpg 150w\" sizes=\"(max-width: 195px) 100vw, 195px\" \/>\t\t\t\t\t\t\t\t\t\t\t\t\t\t\t<\/div>\n\t\t\t\t<\/div>\n\t\t\t\t<div class=\"elementor-element elementor-element-7cc70df elementor-widget elementor-widget-heading\" data-id=\"7cc70df\" data-element_type=\"widget\" data-e-type=\"widget\" data-widget_type=\"heading.default\">\n\t\t\t\t<div class=\"elementor-widget-container\">\n\t\t\t\t\t<h2 class=\"elementor-heading-title elementor-size-default\">Jade St-Georges<\/h2>\t\t\t\t<\/div>\n\t\t\t\t<\/div>\n\t\t\t\t<div class=\"elementor-element elementor-element-0a83cc0 elementor-widget elementor-widget-heading\" data-id=\"0a83cc0\" data-element_type=\"widget\" data-e-type=\"widget\" data-widget_type=\"heading.default\">\n\t\t\t\t<div class=\"elementor-widget-container\">\n\t\t\t\t\t<h2 class=\"elementor-heading-title elementor-size-default\">Pr\u00e9sidente<\/h2>\t\t\t\t<\/div>\n\t\t\t\t<\/div>\n\t\t\t\t<\/div>\n\t\t<div class=\"elementor-element elementor-element-82a29c7 e-con-full e-flex e-con e-child\" data-id=\"82a29c7\" data-element_type=\"container\" data-e-type=\"container\" data-settings=\"{&quot;background_background&quot;:&quot;classic&quot;}\">\n\t\t\t\t<div class=\"elementor-element elementor-element-97decbc elementor-widget elementor-widget-image\" data-id=\"97decbc\" data-element_type=\"widget\" data-e-type=\"widget\" data-widget_type=\"image.default\">\n\t\t\t\t<div class=\"elementor-widget-container\">\n\t\t\t\t\t\t\t\t\t\t\t\t\t\t\t<img decoding=\"async\" width=\"200\" height=\"200\" src=\"https:\/\/monde.ca\/meretmonde\/wp-content\/uploads\/sites\/2\/2024\/10\/Amira-Beghdadi.png\" class=\"attachment-large size-large wp-image-2885\" alt=\"\" srcset=\"https:\/\/monde.ca\/meretmonde\/wp-content\/uploads\/sites\/2\/2024\/10\/Amira-Beghdadi.png 200w, https:\/\/monde.ca\/meretmonde\/wp-content\/uploads\/sites\/2\/2024\/10\/Amira-Beghdadi-150x150.png 150w\" sizes=\"(max-width: 200px) 100vw, 200px\" \/>\t\t\t\t\t\t\t\t\t\t\t\t\t\t\t<\/div>\n\t\t\t\t<\/div>\n\t\t\t\t<div class=\"elementor-element elementor-element-7366350 elementor-widget elementor-widget-heading\" data-id=\"7366350\" data-element_type=\"widget\" data-e-type=\"widget\" data-widget_type=\"heading.default\">\n\t\t\t\t<div class=\"elementor-widget-container\">\n\t\t\t\t\t<h2 class=\"elementor-heading-title elementor-size-default\">Amira Beghdadi<\/h2>\t\t\t\t<\/div>\n\t\t\t\t<\/div>\n\t\t\t\t<div class=\"elementor-element elementor-element-e46b35a elementor-widget elementor-widget-heading\" data-id=\"e46b35a\" data-element_type=\"widget\" data-e-type=\"widget\" data-widget_type=\"heading.default\">\n\t\t\t\t<div class=\"elementor-widget-container\">\n\t\t\t\t\t<h2 class=\"elementor-heading-title elementor-size-default\">Vice-pr\u00e9sidente<\/h2>\t\t\t\t<\/div>\n\t\t\t\t<\/div>\n\t\t\t\t<\/div>\n\t\t<div class=\"elementor-element elementor-element-2652965 e-con-full e-flex e-con e-child\" data-id=\"2652965\" data-element_type=\"container\" data-e-type=\"container\" data-settings=\"{&quot;background_background&quot;:&quot;classic&quot;}\">\n\t\t\t\t<div class=\"elementor-element elementor-element-271d0dd elementor-widget elementor-widget-image\" data-id=\"271d0dd\" data-element_type=\"widget\" data-e-type=\"widget\" data-widget_type=\"image.default\">\n\t\t\t\t<div class=\"elementor-widget-container\">\n\t\t\t\t\t\t\t\t\t\t\t\t\t\t\t<img loading=\"lazy\" decoding=\"async\" width=\"197\" height=\"197\" src=\"https:\/\/monde.ca\/meretmonde\/wp-content\/uploads\/sites\/2\/2024\/10\/mireille-chilloux.jpg\" class=\"attachment-large size-large wp-image-220\" alt=\"Mireille Chilloux\" srcset=\"https:\/\/monde.ca\/meretmonde\/wp-content\/uploads\/sites\/2\/2024\/10\/mireille-chilloux.jpg 197w, https:\/\/monde.ca\/meretmonde\/wp-content\/uploads\/sites\/2\/2024\/10\/mireille-chilloux-150x150.jpg 150w\" sizes=\"(max-width: 197px) 100vw, 197px\" \/>\t\t\t\t\t\t\t\t\t\t\t\t\t\t\t<\/div>\n\t\t\t\t<\/div>\n\t\t\t\t<div class=\"elementor-element elementor-element-f9bc69f elementor-widget elementor-widget-heading\" data-id=\"f9bc69f\" data-element_type=\"widget\" data-e-type=\"widget\" data-widget_type=\"heading.default\">\n\t\t\t\t<div class=\"elementor-widget-container\">\n\t\t\t\t\t<h2 class=\"elementor-heading-title elementor-size-default\">Mireille Chilloux<\/h2>\t\t\t\t<\/div>\n\t\t\t\t<\/div>\n\t\t\t\t<div class=\"elementor-element elementor-element-2272d5f elementor-widget elementor-widget-heading\" data-id=\"2272d5f\" data-element_type=\"widget\" data-e-type=\"widget\" data-widget_type=\"heading.default\">\n\t\t\t\t<div class=\"elementor-widget-container\">\n\t\t\t\t\t<h2 class=\"elementor-heading-title elementor-size-default\">Tr\u00e9sori\u00e8re et<br>directrice g\u00e9n\u00e9rale<\/h2>\t\t\t\t<\/div>\n\t\t\t\t<\/div>\n\t\t\t\t<\/div>\n\t\t<div class=\"elementor-element elementor-element-8579d32 e-con-full e-flex e-con e-child\" data-id=\"8579d32\" data-element_type=\"container\" data-e-type=\"container\" data-settings=\"{&quot;background_background&quot;:&quot;classic&quot;}\">\n\t\t\t\t<div class=\"elementor-element elementor-element-ea52f6c elementor-widget elementor-widget-image\" data-id=\"ea52f6c\" data-element_type=\"widget\" data-e-type=\"widget\" data-widget_type=\"image.default\">\n\t\t\t\t<div class=\"elementor-widget-container\">\n\t\t\t\t\t\t\t\t\t\t\t\t\t\t\t<img loading=\"lazy\" decoding=\"async\" width=\"199\" height=\"199\" src=\"https:\/\/monde.ca\/meretmonde\/wp-content\/uploads\/sites\/2\/2024\/10\/michel-corbeil.jpg\" class=\"attachment-large size-large wp-image-2881\" alt=\"\" srcset=\"https:\/\/monde.ca\/meretmonde\/wp-content\/uploads\/sites\/2\/2024\/10\/michel-corbeil.jpg 199w, https:\/\/monde.ca\/meretmonde\/wp-content\/uploads\/sites\/2\/2024\/10\/michel-corbeil-150x150.jpg 150w\" sizes=\"(max-width: 199px) 100vw, 199px\" \/>\t\t\t\t\t\t\t\t\t\t\t\t\t\t\t<\/div>\n\t\t\t\t<\/div>\n\t\t\t\t<div class=\"elementor-element elementor-element-72e0003 elementor-widget elementor-widget-heading\" data-id=\"72e0003\" data-element_type=\"widget\" data-e-type=\"widget\" data-widget_type=\"heading.default\">\n\t\t\t\t<div class=\"elementor-widget-container\">\n\t\t\t\t\t<h2 class=\"elementor-heading-title elementor-size-default\">Michel Corbeil<\/h2>\t\t\t\t<\/div>\n\t\t\t\t<\/div>\n\t\t\t\t<div class=\"elementor-element elementor-element-1837270 elementor-widget elementor-widget-heading\" data-id=\"1837270\" data-element_type=\"widget\" data-e-type=\"widget\" data-widget_type=\"heading.default\">\n\t\t\t\t<div class=\"elementor-widget-container\">\n\t\t\t\t\t<h2 class=\"elementor-heading-title elementor-size-default\">Administrateur et membre permanent<\/h2>\t\t\t\t<\/div>\n\t\t\t\t<\/div>\n\t\t\t\t<\/div>\n\t\t<div class=\"elementor-element elementor-element-e49cf56 e-con-full e-flex e-con e-child\" data-id=\"e49cf56\" data-element_type=\"container\" data-e-type=\"container\" data-settings=\"{&quot;background_background&quot;:&quot;classic&quot;}\">\n\t\t\t\t<div class=\"elementor-element elementor-element-6f5aca1 elementor-widget elementor-widget-image\" data-id=\"6f5aca1\" data-element_type=\"widget\" data-e-type=\"widget\" data-widget_type=\"image.default\">\n\t\t\t\t<div class=\"elementor-widget-container\">\n\t\t\t\t\t\t\t\t\t\t\t\t\t\t\t<img loading=\"lazy\" decoding=\"async\" width=\"198\" height=\"198\" src=\"https:\/\/monde.ca\/meretmonde\/wp-content\/uploads\/sites\/2\/2024\/10\/nancy-carrier.jpg\" class=\"attachment-large size-large wp-image-211\" alt=\"Nancy Carrier\" srcset=\"https:\/\/monde.ca\/meretmonde\/wp-content\/uploads\/sites\/2\/2024\/10\/nancy-carrier.jpg 198w, https:\/\/monde.ca\/meretmonde\/wp-content\/uploads\/sites\/2\/2024\/10\/nancy-carrier-150x150.jpg 150w\" sizes=\"(max-width: 198px) 100vw, 198px\" \/>\t\t\t\t\t\t\t\t\t\t\t\t\t\t\t<\/div>\n\t\t\t\t<\/div>\n\t\t\t\t<div class=\"elementor-element elementor-element-119743a elementor-widget elementor-widget-heading\" data-id=\"119743a\" data-element_type=\"widget\" data-e-type=\"widget\" data-widget_type=\"heading.default\">\n\t\t\t\t<div class=\"elementor-widget-container\">\n\t\t\t\t\t<h2 class=\"elementor-heading-title elementor-size-default\">Nancy Carrier<\/h2>\t\t\t\t<\/div>\n\t\t\t\t<\/div>\n\t\t\t\t<div class=\"elementor-element elementor-element-3f9c3da elementor-widget elementor-widget-heading\" data-id=\"3f9c3da\" data-element_type=\"widget\" data-e-type=\"widget\" data-widget_type=\"heading.default\">\n\t\t\t\t<div class=\"elementor-widget-container\">\n\t\t\t\t\t<h2 class=\"elementor-heading-title elementor-size-default\">Administratrice<\/h2>\t\t\t\t<\/div>\n\t\t\t\t<\/div>\n\t\t\t\t<\/div>\n\t\t<div class=\"elementor-element elementor-element-67909a0 e-con-full e-flex e-con e-child\" data-id=\"67909a0\" data-element_type=\"container\" data-e-type=\"container\" data-settings=\"{&quot;background_background&quot;:&quot;classic&quot;}\">\n\t\t\t\t<div class=\"elementor-element elementor-element-441040d elementor-widget elementor-widget-image\" data-id=\"441040d\" data-element_type=\"widget\" data-e-type=\"widget\" data-widget_type=\"image.default\">\n\t\t\t\t<div class=\"elementor-widget-container\">\n\t\t\t\t\t\t\t\t\t\t\t\t\t\t\t<img loading=\"lazy\" decoding=\"async\" width=\"199\" height=\"199\" src=\"https:\/\/monde.ca\/meretmonde\/wp-content\/uploads\/sites\/2\/2024\/10\/etienne-sinotte.jpg\" class=\"attachment-large size-large wp-image-218\" alt=\"\u00c9tienne Sinotte\" srcset=\"https:\/\/monde.ca\/meretmonde\/wp-content\/uploads\/sites\/2\/2024\/10\/etienne-sinotte.jpg 199w, https:\/\/monde.ca\/meretmonde\/wp-content\/uploads\/sites\/2\/2024\/10\/etienne-sinotte-150x150.jpg 150w\" sizes=\"(max-width: 199px) 100vw, 199px\" \/>\t\t\t\t\t\t\t\t\t\t\t\t\t\t\t<\/div>\n\t\t\t\t<\/div>\n\t\t\t\t<div class=\"elementor-element elementor-element-d7c1c39 elementor-widget elementor-widget-heading\" data-id=\"d7c1c39\" data-element_type=\"widget\" data-e-type=\"widget\" data-widget_type=\"heading.default\">\n\t\t\t\t<div class=\"elementor-widget-container\">\n\t\t\t\t\t<h2 class=\"elementor-heading-title elementor-size-default\">\u00c9tienne Sinotte<\/h2>\t\t\t\t<\/div>\n\t\t\t\t<\/div>\n\t\t\t\t<div class=\"elementor-element elementor-element-78d3ee5 elementor-widget elementor-widget-heading\" data-id=\"78d3ee5\" data-element_type=\"widget\" data-e-type=\"widget\" data-widget_type=\"heading.default\">\n\t\t\t\t<div class=\"elementor-widget-container\">\n\t\t\t\t\t<h2 class=\"elementor-heading-title elementor-size-default\">Administrateur<\/h2>\t\t\t\t<\/div>\n\t\t\t\t<\/div>\n\t\t\t\t<\/div>\n\t\t<div class=\"elementor-element elementor-element-247248f e-con-full e-flex e-con e-child\" data-id=\"247248f\" data-element_type=\"container\" data-e-type=\"container\" data-settings=\"{&quot;background_background&quot;:&quot;classic&quot;}\">\n\t\t\t\t<div class=\"elementor-element elementor-element-cfd8954 elementor-widget elementor-widget-image\" data-id=\"cfd8954\" data-element_type=\"widget\" data-e-type=\"widget\" data-widget_type=\"image.default\">\n\t\t\t\t<div class=\"elementor-widget-container\">\n\t\t\t\t\t\t\t\t\t\t\t\t\t\t\t<img loading=\"lazy\" decoding=\"async\" width=\"199\" height=\"200\" src=\"https:\/\/monde.ca\/meretmonde\/wp-content\/uploads\/sites\/2\/2024\/10\/guillaume-bernard.jpg\" class=\"attachment-large size-large wp-image-2877\" alt=\"\" srcset=\"https:\/\/monde.ca\/meretmonde\/wp-content\/uploads\/sites\/2\/2024\/10\/guillaume-bernard.jpg 199w, https:\/\/monde.ca\/meretmonde\/wp-content\/uploads\/sites\/2\/2024\/10\/guillaume-bernard-150x150.jpg 150w\" sizes=\"(max-width: 199px) 100vw, 199px\" \/>\t\t\t\t\t\t\t\t\t\t\t\t\t\t\t<\/div>\n\t\t\t\t<\/div>\n\t\t\t\t<div class=\"elementor-element elementor-element-5b06bd6 elementor-widget elementor-widget-heading\" data-id=\"5b06bd6\" data-element_type=\"widget\" data-e-type=\"widget\" data-widget_type=\"heading.default\">\n\t\t\t\t<div class=\"elementor-widget-container\">\n\t\t\t\t\t<h2 class=\"elementor-heading-title elementor-size-default\">Guillaume Bernard <\/h2>\t\t\t\t<\/div>\n\t\t\t\t<\/div>\n\t\t\t\t<div class=\"elementor-element elementor-element-4121c7a elementor-widget elementor-widget-heading\" data-id=\"4121c7a\" data-element_type=\"widget\" data-e-type=\"widget\" data-widget_type=\"heading.default\">\n\t\t\t\t<div class=\"elementor-widget-container\">\n\t\t\t\t\t<h2 class=\"elementor-heading-title elementor-size-default\">Administrateur<\/h2>\t\t\t\t<\/div>\n\t\t\t\t<\/div>\n\t\t\t\t<\/div>\n\t\t<div class=\"elementor-element elementor-element-2150395 e-con-full e-flex e-con e-child\" data-id=\"2150395\" data-element_type=\"container\" data-e-type=\"container\" data-settings=\"{&quot;background_background&quot;:&quot;classic&quot;}\">\n\t\t\t\t<div class=\"elementor-element elementor-element-595c656 elementor-widget elementor-widget-image\" data-id=\"595c656\" data-element_type=\"widget\" data-e-type=\"widget\" data-widget_type=\"image.default\">\n\t\t\t\t<div class=\"elementor-widget-container\">\n\t\t\t\t\t\t\t\t\t\t\t\t\t\t\t<img loading=\"lazy\" decoding=\"async\" width=\"198\" height=\"198\" src=\"https:\/\/monde.ca\/meretmonde\/wp-content\/uploads\/sites\/2\/2024\/10\/daniel-b-poulin.jpg\" class=\"attachment-large size-large wp-image-222\" alt=\"Daniel Berlinguette-P.\" srcset=\"https:\/\/monde.ca\/meretmonde\/wp-content\/uploads\/sites\/2\/2024\/10\/daniel-b-poulin.jpg 198w, https:\/\/monde.ca\/meretmonde\/wp-content\/uploads\/sites\/2\/2024\/10\/daniel-b-poulin-150x150.jpg 150w\" sizes=\"(max-width: 198px) 100vw, 198px\" \/>\t\t\t\t\t\t\t\t\t\t\t\t\t\t\t<\/div>\n\t\t\t\t<\/div>\n\t\t\t\t<div class=\"elementor-element elementor-element-4ab9b66 elementor-widget elementor-widget-heading\" data-id=\"4ab9b66\" data-element_type=\"widget\" data-e-type=\"widget\" data-widget_type=\"heading.default\">\n\t\t\t\t<div class=\"elementor-widget-container\">\n\t\t\t\t\t<h2 class=\"elementor-heading-title elementor-size-default\">Daniel Berlinguette-P.<\/h2>\t\t\t\t<\/div>\n\t\t\t\t<\/div>\n\t\t\t\t<div class=\"elementor-element elementor-element-19af661 elementor-widget elementor-widget-heading\" data-id=\"19af661\" data-element_type=\"widget\" data-e-type=\"widget\" data-widget_type=\"heading.default\">\n\t\t\t\t<div class=\"elementor-widget-container\">\n\t\t\t\t\t<h2 class=\"elementor-heading-title elementor-size-default\">Administrateur<\/h2>\t\t\t\t<\/div>\n\t\t\t\t<\/div>\n\t\t\t\t<\/div>\n\t\t<div class=\"elementor-element elementor-element-e3d5618 e-con-full e-flex e-con e-child\" data-id=\"e3d5618\" data-element_type=\"container\" data-e-type=\"container\" data-settings=\"{&quot;background_background&quot;:&quot;classic&quot;}\">\n\t\t\t\t<div class=\"elementor-element elementor-element-fd94560 elementor-widget elementor-widget-image\" data-id=\"fd94560\" data-element_type=\"widget\" data-e-type=\"widget\" data-widget_type=\"image.default\">\n\t\t\t\t<div class=\"elementor-widget-container\">\n\t\t\t\t\t\t\t\t\t\t\t\t\t\t\t<img loading=\"lazy\" decoding=\"async\" width=\"800\" height=\"800\" src=\"https:\/\/monde.ca\/meretmonde\/wp-content\/uploads\/sites\/2\/2025\/03\/photosMM-1.png\" class=\"attachment-large size-large wp-image-3848\" alt=\"\" srcset=\"https:\/\/monde.ca\/meretmonde\/wp-content\/uploads\/sites\/2\/2025\/03\/photosMM-1.png 800w, https:\/\/monde.ca\/meretmonde\/wp-content\/uploads\/sites\/2\/2025\/03\/photosMM-1-300x300.png 300w, https:\/\/monde.ca\/meretmonde\/wp-content\/uploads\/sites\/2\/2025\/03\/photosMM-1-150x150.png 150w, https:\/\/monde.ca\/meretmonde\/wp-content\/uploads\/sites\/2\/2025\/03\/photosMM-1-768x768.png 768w\" sizes=\"(max-width: 800px) 100vw, 800px\" \/>\t\t\t\t\t\t\t\t\t\t\t\t\t\t\t<\/div>\n\t\t\t\t<\/div>\n\t\t\t\t<div class=\"elementor-element elementor-element-d8503f8 elementor-widget elementor-widget-heading\" data-id=\"d8503f8\" data-element_type=\"widget\" data-e-type=\"widget\" data-widget_type=\"heading.default\">\n\t\t\t\t<div class=\"elementor-widget-container\">\n\t\t\t\t\t<h2 class=\"elementor-heading-title elementor-size-default\">Alimatou Camara<\/h2>\t\t\t\t<\/div>\n\t\t\t\t<\/div>\n\t\t\t\t<div class=\"elementor-element elementor-element-b171d92 elementor-widget elementor-widget-heading\" data-id=\"b171d92\" data-element_type=\"widget\" data-e-type=\"widget\" data-widget_type=\"heading.default\">\n\t\t\t\t<div class=\"elementor-widget-container\">\n\t\t\t\t\t<h2 class=\"elementor-heading-title elementor-size-default\">Repr\u00e9sentante des employ\u00e9.es<\/h2>\t\t\t\t<\/div>\n\t\t\t\t<\/div>\n\t\t\t\t<\/div>\n\t\t\t\t\t<\/div>\n\t\t\t\t<\/div>\n\t\t\t\t<\/div>\n\t\t","protected":false},"excerpt":{"rendered":"<p>Conseil d&#8217;administration Jade St-Georges Pr\u00e9sidente Amira Beghdadi Vice-pr\u00e9sidente Mireille Chilloux Tr\u00e9sori\u00e8re etdirectrice g\u00e9n\u00e9rale Michel Corbeil Administrateur et membre permanent Nancy Carrier Administratrice \u00c9tienne Sinotte Administrateur Guillaume Bernard Administrateur Daniel Berlinguette-P. Administrateur Alimatou Camara Repr\u00e9sentante des employ\u00e9.es<\/p>\n","protected":false},"author":1,"featured_media":0,"parent":0,"menu_order":0,"comment_status":"closed","ping_status":"closed","template":"","meta":{"footnotes":""},"class_list":["post-203","page","type-page","status-publish","hentry"],"_links":{"self":[{"href":"https:\/\/monde.ca\/meretmonde\/wp-json\/wp\/v2\/pages\/203","targetHints":{"allow":["GET"]}}],"collection":[{"href":"https:\/\/monde.ca\/meretmonde\/wp-json\/wp\/v2\/pages"}],"about":[{"href":"https:\/\/monde.ca\/meretmonde\/wp-json\/wp\/v2\/types\/page"}],"author":[{"embeddable":true,"href":"https:\/\/monde.ca\/meretmonde\/wp-json\/wp\/v2\/users\/1"}],"replies":[{"embeddable":true,"href":"https:\/\/monde.ca\/meretmonde\/wp-json\/wp\/v2\/comments?post=203"}],"version-history":[{"count":112,"href":"https:\/\/monde.ca\/meretmonde\/wp-json\/wp\/v2\/pages\/203\/revisions"}],"predecessor-version":[{"id":3851,"href":"https:\/\/monde.ca\/meretmonde\/wp-json\/wp\/v2\/pages\/203\/revisions\/3851"}],"wp:attachment":[{"href":"https:\/\/monde.ca\/meretmonde\/wp-json\/wp\/v2\/media?parent=203"}],"curies":[{"name":"wp","href":"https:\/\/api.w.org\/{rel}","templated":true}]}}