{"id":45,"date":"2024-12-18T18:06:26","date_gmt":"2024-12-18T18:06:26","guid":{"rendered":"https:\/\/somi-t.com\/monde.ca\/jeunesetsociete\/?page_id=45"},"modified":"2024-12-20T20:32:57","modified_gmt":"2024-12-20T20:32:57","slug":"mission-et-valeurs","status":"publish","type":"page","link":"https:\/\/monde.ca\/jeunesetsociete\/mission-et-valeurs\/","title":{"rendered":"Mission et valeurs"},"content":{"rendered":"\t\t<div data-elementor-type=\"wp-page\" data-elementor-id=\"45\" class=\"elementor elementor-45\" data-elementor-post-type=\"page\">\n\t\t\t\t<div class=\"elementor-element elementor-element-630c0ab e-con-full e-flex e-con e-parent\" data-id=\"630c0ab\" data-element_type=\"container\" data-e-type=\"container\" data-settings=\"{&quot;background_background&quot;:&quot;classic&quot;}\">\n\t\t<div class=\"elementor-element elementor-element-c0966e6 e-con-full elementor-hidden-mobile e-flex e-con e-child\" data-id=\"c0966e6\" data-element_type=\"container\" data-e-type=\"container\">\n\t\t\t\t<div class=\"elementor-element elementor-element-0530c54 elementor-widget elementor-widget-image\" data-id=\"0530c54\" data-element_type=\"widget\" data-e-type=\"widget\" data-widget_type=\"image.default\">\n\t\t\t\t<div class=\"elementor-widget-container\">\n\t\t\t\t\t\t\t\t\t\t\t\t\t\t\t<img decoding=\"async\" width=\"170\" height=\"170\" src=\"https:\/\/monde.ca\/jeunesetsociete\/wp-content\/uploads\/sites\/3\/2024\/12\/logoJSentree.gif\" class=\"attachment-large size-large wp-image-18\" alt=\"\" \/>\t\t\t\t\t\t\t\t\t\t\t\t\t\t\t<\/div>\n\t\t\t\t<\/div>\n\t\t\t\t<\/div>\n\t\t<div class=\"elementor-element elementor-element-64469f4 e-con-full e-flex e-con e-child\" data-id=\"64469f4\" data-element_type=\"container\" data-e-type=\"container\">\n\t\t\t\t<div class=\"elementor-element elementor-element-3fef74b elementor-widget elementor-widget-heading\" data-id=\"3fef74b\" data-element_type=\"widget\" data-e-type=\"widget\" data-widget_type=\"heading.default\">\n\t\t\t\t<div class=\"elementor-widget-container\">\n\t\t\t\t\t<h2 class=\"elementor-heading-title elementor-size-default\">Mission et valeurs<\/h2>\t\t\t\t<\/div>\n\t\t\t\t<\/div>\n\t\t\t\t<\/div>\n\t\t\t\t<\/div>\n\t\t<div class=\"elementor-element elementor-element-db60b88 e-flex e-con-boxed e-con e-parent\" data-id=\"db60b88\" data-element_type=\"container\" data-e-type=\"container\" data-settings=\"{&quot;background_background&quot;:&quot;gradient&quot;}\">\n\t\t\t\t\t<div class=\"e-con-inner\">\n\t\t\t\t<div class=\"elementor-element elementor-element-9c5ded2 elementor-widget elementor-widget-text-editor\" data-id=\"9c5ded2\" data-element_type=\"widget\" data-e-type=\"widget\" data-widget_type=\"text-editor.default\">\n\t\t\t\t<div class=\"elementor-widget-container\">\n\t\t\t\t\t\t\t\t\t<p>Notre vision : r\u00e9aliser une soci\u00e9t\u00e9 o\u00f9 chaque personne, sans exception, est fi\u00e8re et respect\u00e9e.<\/p>\t\t\t\t\t\t\t\t<\/div>\n\t\t\t\t<\/div>\n\t\t<div class=\"elementor-element elementor-element-e9f22f5 e-con-full e-flex e-con e-child\" data-id=\"e9f22f5\" data-element_type=\"container\" data-e-type=\"container\">\n\t\t<div class=\"elementor-element elementor-element-32e3c28 e-con-full e-flex e-con e-child\" data-id=\"32e3c28\" data-element_type=\"container\" data-e-type=\"container\">\n\t\t\t\t<div class=\"elementor-element elementor-element-9a438e8 elementor-align-start elementor-icon-list--layout-traditional elementor-list-item-link-full_width elementor-widget elementor-widget-icon-list\" data-id=\"9a438e8\" data-element_type=\"widget\" data-e-type=\"widget\" data-widget_type=\"icon-list.default\">\n\t\t\t\t<div class=\"elementor-widget-container\">\n\t\t\t\t\t\t\t<ul class=\"elementor-icon-list-items\">\n\t\t\t\t\t\t\t<li class=\"elementor-icon-list-item\">\n\t\t\t\t\t\t\t\t\t\t\t<span class=\"elementor-icon-list-icon\">\n\t\t\t\t\t\t\t<svg aria-hidden=\"true\" class=\"e-font-icon-svg e-fas-chevron-right\" viewBox=\"0 0 320 512\" xmlns=\"http:\/\/www.w3.org\/2000\/svg\"><path d=\"M285.476 272.971L91.132 467.314c-9.373 9.373-24.569 9.373-33.941 0l-22.667-22.667c-9.357-9.357-9.375-24.522-.04-33.901L188.505 256 34.484 101.255c-9.335-9.379-9.317-24.544.04-33.901l22.667-22.667c9.373-9.373 24.569-9.373 33.941 0L285.475 239.03c9.373 9.372 9.373 24.568.001 33.941z\"><\/path><\/svg>\t\t\t\t\t\t<\/span>\n\t\t\t\t\t\t\t\t\t\t<span class=\"elementor-icon-list-text\">Notre mission<\/span>\n\t\t\t\t\t\t\t\t\t<\/li>\n\t\t\t\t\t\t<\/ul>\n\t\t\t\t\t\t<\/div>\n\t\t\t\t<\/div>\n\t\t\t\t<div class=\"elementor-element elementor-element-4be7c3c elementor-widget elementor-widget-text-editor\" data-id=\"4be7c3c\" data-element_type=\"widget\" data-e-type=\"widget\" data-widget_type=\"text-editor.default\">\n\t\t\t\t<div class=\"elementor-widget-container\">\n\t\t\t\t\t\t\t\t\t<p>En regroupant un r\u00e9seau de personnes et de soci\u00e9t\u00e9s qui partagent ses valeurs et sa vision, Jeunes et Soci\u00e9t\u00e9 recueille des fonds et sollicite des expertises qui sont mis \u00e0 la disposition d\u2019organisations sans but lucratif dans le but d\u2019\u00e9duquer et de cr\u00e9er, \u00e0 moyen et \u00e0 long terme, les conditions n\u00e9cessaires \u00e0 un v\u00e9ritable d\u00e9veloppement durable bas\u00e9 sur l\u2019ouverture et l\u2019accueil des compl\u00e9mentarit\u00e9s intra et interculturelles.<\/p>\t\t\t\t\t\t\t\t<\/div>\n\t\t\t\t<\/div>\n\t\t\t\t<\/div>\n\t\t<div class=\"elementor-element elementor-element-034529a e-con-full e-flex e-con e-child\" data-id=\"034529a\" data-element_type=\"container\" data-e-type=\"container\">\n\t\t\t\t<div class=\"elementor-element elementor-element-9a86650 elementor-widget elementor-widget-image\" data-id=\"9a86650\" data-element_type=\"widget\" data-e-type=\"widget\" data-widget_type=\"image.default\">\n\t\t\t\t<div class=\"elementor-widget-container\">\n\t\t\t\t\t\t\t\t\t\t\t\t\t\t\t<img fetchpriority=\"high\" decoding=\"async\" width=\"651\" height=\"226\" src=\"https:\/\/monde.ca\/jeunesetsociete\/wp-content\/uploads\/sites\/3\/2024\/12\/histoire3.jpg\" class=\"attachment-large size-large wp-image-253\" alt=\"\" srcset=\"https:\/\/monde.ca\/jeunesetsociete\/wp-content\/uploads\/sites\/3\/2024\/12\/histoire3.jpg 651w, https:\/\/monde.ca\/jeunesetsociete\/wp-content\/uploads\/sites\/3\/2024\/12\/histoire3-300x104.jpg 300w\" sizes=\"(max-width: 651px) 100vw, 651px\" \/>\t\t\t\t\t\t\t\t\t\t\t\t\t\t\t<\/div>\n\t\t\t\t<\/div>\n\t\t\t\t<\/div>\n\t\t\t\t<\/div>\n\t\t<div class=\"elementor-element elementor-element-ee94c96 e-con-full e-flex e-con e-child\" data-id=\"ee94c96\" data-element_type=\"container\" data-e-type=\"container\">\n\t\t<div class=\"elementor-element elementor-element-5ff1bbd e-con-full e-flex e-con e-child\" data-id=\"5ff1bbd\" data-element_type=\"container\" data-e-type=\"container\">\n\t\t\t\t<div class=\"elementor-element elementor-element-9dd2836 elementor-widget elementor-widget-image\" data-id=\"9dd2836\" data-element_type=\"widget\" data-e-type=\"widget\" data-widget_type=\"image.default\">\n\t\t\t\t<div class=\"elementor-widget-container\">\n\t\t\t\t\t\t\t\t\t\t\t\t\t\t\t<img decoding=\"async\" width=\"637\" height=\"768\" src=\"https:\/\/monde.ca\/jeunesetsociete\/wp-content\/uploads\/sites\/3\/2024\/12\/groupe-scolaire_vert.jpg\" class=\"attachment-large size-large wp-image-257\" alt=\"\" srcset=\"https:\/\/monde.ca\/jeunesetsociete\/wp-content\/uploads\/sites\/3\/2024\/12\/groupe-scolaire_vert.jpg 637w, https:\/\/monde.ca\/jeunesetsociete\/wp-content\/uploads\/sites\/3\/2024\/12\/groupe-scolaire_vert-249x300.jpg 249w\" sizes=\"(max-width: 637px) 100vw, 637px\" \/>\t\t\t\t\t\t\t\t\t\t\t\t\t\t\t<\/div>\n\t\t\t\t<\/div>\n\t\t\t\t<\/div>\n\t\t<div class=\"elementor-element elementor-element-136a2f2 e-con-full e-flex e-con e-child\" data-id=\"136a2f2\" data-element_type=\"container\" data-e-type=\"container\">\n\t\t\t\t<div class=\"elementor-element elementor-element-49c02aa elementor-align-start elementor-icon-list--layout-traditional elementor-list-item-link-full_width elementor-widget elementor-widget-icon-list\" data-id=\"49c02aa\" data-element_type=\"widget\" data-e-type=\"widget\" data-widget_type=\"icon-list.default\">\n\t\t\t\t<div class=\"elementor-widget-container\">\n\t\t\t\t\t\t\t<ul class=\"elementor-icon-list-items\">\n\t\t\t\t\t\t\t<li class=\"elementor-icon-list-item\">\n\t\t\t\t\t\t\t\t\t\t\t<span class=\"elementor-icon-list-icon\">\n\t\t\t\t\t\t\t<svg aria-hidden=\"true\" class=\"e-font-icon-svg e-fas-chevron-right\" viewBox=\"0 0 320 512\" xmlns=\"http:\/\/www.w3.org\/2000\/svg\"><path d=\"M285.476 272.971L91.132 467.314c-9.373 9.373-24.569 9.373-33.941 0l-22.667-22.667c-9.357-9.357-9.375-24.522-.04-33.901L188.505 256 34.484 101.255c-9.335-9.379-9.317-24.544.04-33.901l22.667-22.667c9.373-9.373 24.569-9.373 33.941 0L285.475 239.03c9.373 9.372 9.373 24.568.001 33.941z\"><\/path><\/svg>\t\t\t\t\t\t<\/span>\n\t\t\t\t\t\t\t\t\t\t<span class=\"elementor-icon-list-text\">Nos valeurs<\/span>\n\t\t\t\t\t\t\t\t\t<\/li>\n\t\t\t\t\t\t<\/ul>\n\t\t\t\t\t\t<\/div>\n\t\t\t\t<\/div>\n\t\t\t\t<div class=\"elementor-element elementor-element-30d5c96 elementor-widget elementor-widget-text-editor\" data-id=\"30d5c96\" data-element_type=\"widget\" data-e-type=\"widget\" data-widget_type=\"text-editor.default\">\n\t\t\t\t<div class=\"elementor-widget-container\">\n\t\t\t\t\t\t\t\t\t<p><strong>\u00c9ducation<\/strong> &#8211; Jeunes et Soci\u00e9t\u00e9 axe ses interventions en priorisant l\u2019\u00e9ducation comme fondement premier et d\u00e9terminant du d\u00e9veloppement durable des personnes et des groupes aupr\u00e8s desquels elle intervient directement ou indirectement.<br \/><strong><br \/>Compassion<\/strong> &#8211; Jeunes et Soci\u00e9t\u00e9 choisit de tenir compte des situations concr\u00e8tes des personnes et des groupes aupr\u00e8s desquels elle agit en optant de mani\u00e8re pr\u00e9f\u00e9rentielle pour les plus fragiles socialement, \u00e9conomiquement, \u00e9motionnellement.<br \/><strong><br \/>Partage<\/strong> &#8211; Jeunes et Soci\u00e9t\u00e9 atteint ses deux objectifs prioritaires en appuyant financi\u00e8rement des OSBL qu\u00e9b\u00e9coises dont la mission correspond \u00e0 ses valeurs. Son r\u00f4le n\u2019est pas d\u2019intervenir directement, mais par l\u2019interm\u00e9diaire de partenaires avec lesquels elle partage ses ressources.<br \/><strong><br \/>Autonomie<\/strong> &#8211; Jeunes et Soci\u00e9t\u00e9 n\u2019accepte pas de prendre en charge quelque projet que ce soit. Elle contribue aux initiatives prises par ses partenaires, en laissant aux responsables de concevoir, de d\u00e9finir, d\u2019\u00e9laborer et de r\u00e9aliser les objectifs identifi\u00e9s et mis en \u0153uvre par les personnes et les populations touch\u00e9es.<\/p>\t\t\t\t\t\t\t\t<\/div>\n\t\t\t\t<\/div>\n\t\t\t\t<\/div>\n\t\t\t\t<\/div>\n\t\t\t\t<div class=\"elementor-element elementor-element-36a9cd9 elementor-widget elementor-widget-text-editor\" data-id=\"36a9cd9\" data-element_type=\"widget\" data-e-type=\"widget\" data-widget_type=\"text-editor.default\">\n\t\t\t\t<div class=\"elementor-widget-container\">\n\t\t\t\t\t\t\t\t\t<p>\u00ab Agir ici et dans le monde \u00bb<\/p>\t\t\t\t\t\t\t\t<\/div>\n\t\t\t\t<\/div>\n\t\t\t\t<div class=\"elementor-element elementor-element-301fb0e elementor-widget elementor-widget-text-editor\" data-id=\"301fb0e\" data-element_type=\"widget\" data-e-type=\"widget\" data-widget_type=\"text-editor.default\">\n\t\t\t\t<div class=\"elementor-widget-container\">\n\t\t\t\t\t\t\t\t\t<p>Notre dicton refl\u00e8te notre volont\u00e9 de participer \u00e0 l\u2019av\u00e8nement d\u2019un monde juste et \u00e9quitable pour tous les humains et respectueux de la nature.<\/p>\t\t\t\t\t\t\t\t<\/div>\n\t\t\t\t<\/div>\n\t\t\t\t\t<\/div>\n\t\t\t\t<\/div>\n\t\t\t\t<\/div>\n\t\t","protected":false},"excerpt":{"rendered":"<p>Mission et valeurs Notre vision : r\u00e9aliser une soci\u00e9t\u00e9 o\u00f9 chaque personne, sans exception, est fi\u00e8re et respect\u00e9e. Notre mission En regroupant un r\u00e9seau de personnes et de soci\u00e9t\u00e9s qui partagent ses valeurs et sa vision, Jeunes et Soci\u00e9t\u00e9 recueille des fonds et sollicite des expertises qui sont mis \u00e0 la disposition d\u2019organisations sans but [&hellip;]<\/p>\n","protected":false},"author":1,"featured_media":0,"parent":0,"menu_order":0,"comment_status":"closed","ping_status":"closed","template":"","meta":{"footnotes":""},"class_list":["post-45","page","type-page","status-publish","hentry"],"_links":{"self":[{"href":"https:\/\/monde.ca\/jeunesetsociete\/wp-json\/wp\/v2\/pages\/45","targetHints":{"allow":["GET"]}}],"collection":[{"href":"https:\/\/monde.ca\/jeunesetsociete\/wp-json\/wp\/v2\/pages"}],"about":[{"href":"https:\/\/monde.ca\/jeunesetsociete\/wp-json\/wp\/v2\/types\/page"}],"author":[{"embeddable":true,"href":"https:\/\/monde.ca\/jeunesetsociete\/wp-json\/wp\/v2\/users\/1"}],"replies":[{"embeddable":true,"href":"https:\/\/monde.ca\/jeunesetsociete\/wp-json\/wp\/v2\/comments?post=45"}],"version-history":[{"count":58,"href":"https:\/\/monde.ca\/jeunesetsociete\/wp-json\/wp\/v2\/pages\/45\/revisions"}],"predecessor-version":[{"id":512,"href":"https:\/\/monde.ca\/jeunesetsociete\/wp-json\/wp\/v2\/pages\/45\/revisions\/512"}],"wp:attachment":[{"href":"https:\/\/monde.ca\/jeunesetsociete\/wp-json\/wp\/v2\/media?parent=45"}],"curies":[{"name":"wp","href":"https:\/\/api.w.org\/{rel}","templated":true}]}}