{"id":23,"date":"2024-12-18T18:00:13","date_gmt":"2024-12-18T18:00:13","guid":{"rendered":"https:\/\/somi-t.com\/monde.ca\/jeunesetsociete\/?page_id=23"},"modified":"2025-02-26T12:08:25","modified_gmt":"2025-02-26T12:08:25","slug":"accueil","status":"publish","type":"page","link":"https:\/\/monde.ca\/jeunesetsociete\/","title":{"rendered":"Accueil"},"content":{"rendered":"\t\t<div data-elementor-type=\"wp-page\" data-elementor-id=\"23\" class=\"elementor elementor-23\" data-elementor-post-type=\"page\">\n\t\t\t\t<div class=\"elementor-element elementor-element-38766a1 e-con-full e-flex e-con e-parent\" data-id=\"38766a1\" data-element_type=\"container\" data-e-type=\"container\" data-settings=\"{&quot;background_background&quot;:&quot;classic&quot;}\">\n\t\t<div class=\"elementor-element elementor-element-8ea8b94 e-con-full elementor-hidden-mobile e-flex e-con e-child\" data-id=\"8ea8b94\" data-element_type=\"container\" data-e-type=\"container\">\n\t\t\t\t<div class=\"elementor-element elementor-element-edf21ab elementor-widget elementor-widget-image\" data-id=\"edf21ab\" data-element_type=\"widget\" data-e-type=\"widget\" data-widget_type=\"image.default\">\n\t\t\t\t<div class=\"elementor-widget-container\">\n\t\t\t\t\t\t\t\t\t\t\t\t\t\t\t<img decoding=\"async\" width=\"170\" height=\"170\" src=\"https:\/\/monde.ca\/jeunesetsociete\/wp-content\/uploads\/sites\/3\/2024\/12\/logoJSentree.gif\" class=\"attachment-large size-large wp-image-18\" alt=\"\" \/>\t\t\t\t\t\t\t\t\t\t\t\t\t\t\t<\/div>\n\t\t\t\t<\/div>\n\t\t\t\t<\/div>\n\t\t<div class=\"elementor-element elementor-element-3b82b4b e-con-full e-flex e-con e-child\" data-id=\"3b82b4b\" data-element_type=\"container\" data-e-type=\"container\">\n\t\t\t\t<div class=\"elementor-element elementor-element-17eb6b8 elementor-widget elementor-widget-heading\" data-id=\"17eb6b8\" data-element_type=\"widget\" data-e-type=\"widget\" data-widget_type=\"heading.default\">\n\t\t\t\t<div class=\"elementor-widget-container\">\n\t\t\t\t\t<h2 class=\"elementor-heading-title elementor-size-default\">Fondation en appui \u00e0<br>Mer et Monde<\/h2>\t\t\t\t<\/div>\n\t\t\t\t<\/div>\n\t\t\t\t<div class=\"elementor-element elementor-element-2ddda78 elementor-widget elementor-widget-heading\" data-id=\"2ddda78\" data-element_type=\"widget\" data-e-type=\"widget\" data-widget_type=\"heading.default\">\n\t\t\t\t<div class=\"elementor-widget-container\">\n\t\t\t\t\t<h2 class=\"elementor-heading-title elementor-size-default\">Agir ici et dans le monde\n\n<\/h2>\t\t\t\t<\/div>\n\t\t\t\t<\/div>\n\t\t\t\t<\/div>\n\t\t\t\t<\/div>\n\t\t<div class=\"elementor-element elementor-element-b8cee5f e-flex e-con-boxed e-con e-parent\" data-id=\"b8cee5f\" data-element_type=\"container\" data-e-type=\"container\" data-settings=\"{&quot;background_background&quot;:&quot;classic&quot;}\">\n\t\t\t\t\t<div class=\"e-con-inner\">\n\t\t\t\t<div class=\"elementor-element elementor-element-6c1a1e3 elementor-widget elementor-widget-text-editor\" data-id=\"6c1a1e3\" data-element_type=\"widget\" data-e-type=\"widget\" data-widget_type=\"text-editor.default\">\n\t\t\t\t<div class=\"elementor-widget-container\">\n\t\t\t\t\t\t\t\t\t<p>Depuis 1999, la Fondation Jeunes et Soci\u00e9t\u00e9 travaille \u00e0 assurer le financement \u00e0 long terme de Mer et Monde, un organisme d\u2019initiation \u00e0 la coop\u00e9ration internationale qui r\u00e9alise une mission d\u2019\u00e9ducation et de solidarit\u00e9 tant au Qu\u00e9bec qu\u2019ailleurs.<\/p>\t\t\t\t\t\t\t\t<\/div>\n\t\t\t\t<\/div>\n\t\t\t\t\t<\/div>\n\t\t\t\t<\/div>\n\t\t\t\t<\/div>\n\t\t","protected":false},"excerpt":{"rendered":"<p>Fondation en appui \u00e0<br \/>Mer et Monde<\/p>\n","protected":false},"author":1,"featured_media":18,"parent":0,"menu_order":0,"comment_status":"closed","ping_status":"closed","template":"","meta":{"footnotes":""},"class_list":["post-23","page","type-page","status-publish","has-post-thumbnail","hentry"],"_links":{"self":[{"href":"https:\/\/monde.ca\/jeunesetsociete\/wp-json\/wp\/v2\/pages\/23","targetHints":{"allow":["GET"]}}],"collection":[{"href":"https:\/\/monde.ca\/jeunesetsociete\/wp-json\/wp\/v2\/pages"}],"about":[{"href":"https:\/\/monde.ca\/jeunesetsociete\/wp-json\/wp\/v2\/types\/page"}],"author":[{"embeddable":true,"href":"https:\/\/monde.ca\/jeunesetsociete\/wp-json\/wp\/v2\/users\/1"}],"replies":[{"embeddable":true,"href":"https:\/\/monde.ca\/jeunesetsociete\/wp-json\/wp\/v2\/comments?post=23"}],"version-history":[{"count":121,"href":"https:\/\/monde.ca\/jeunesetsociete\/wp-json\/wp\/v2\/pages\/23\/revisions"}],"predecessor-version":[{"id":1193,"href":"https:\/\/monde.ca\/jeunesetsociete\/wp-json\/wp\/v2\/pages\/23\/revisions\/1193"}],"wp:featuredmedia":[{"embeddable":true,"href":"https:\/\/monde.ca\/jeunesetsociete\/wp-json\/wp\/v2\/media\/18"}],"wp:attachment":[{"href":"https:\/\/monde.ca\/jeunesetsociete\/wp-json\/wp\/v2\/media?parent=23"}],"curies":[{"name":"wp","href":"https:\/\/api.w.org\/{rel}","templated":true}]}}